{"id":337,"date":"2024-02-15T16:53:09","date_gmt":"2024-02-15T16:53:09","guid":{"rendered":"https:\/\/infinityhoney.ro\/?post_type=product&#038;p=337"},"modified":"2024-02-18T22:05:01","modified_gmt":"2024-02-18T22:05:01","slug":"api-mix-1","status":"publish","type":"product","link":"https:\/\/infinityhoney.ro\/en\/product\/api-mix-1\/","title":{"rendered":"INFINITY No.1 - Imunitate"},"content":{"rendered":"<p><strong>INFINITY Nr. 1 \u2013 supliment alimentar pentru \u00eent\u0103rirea imunit\u0103\u021bii<\/strong><\/p>\n<p><strong>Ingrediente: <\/strong><\/p>\n<ul>\n<li>Produse apicole (miere, polen, extract de propolis 30%, l\u0103pti\u0219or de matc\u0103 crud)<\/li>\n<li>Pulberi plante condimentare (turmeric+scor\u021bi\u0219oar\u0103)<\/li>\n<li>Ulei volatil scortisoara<\/li>\n<\/ul>","protected":false},"excerpt":{"rendered":"<p>INFINITY Nr. 1 \u2013 supliment alimentar pentru \u00eent\u0103rirea imunit\u0103\u021bii Ingrediente: Produse apicole (miere, polen, extract de propolis 30%, l\u0103pti\u0219or de matc\u0103 crud) Pulberi plante condimentare [&hellip;]<\/p>\n","protected":false},"featured_media":343,"comment_status":"open","ping_status":"closed","template":"","meta":[],"product_brand":[],"product_cat":[21],"product_tag":[],"class_list":{"0":"post-337","1":"product","2":"type-product","3":"status-publish","4":"has-post-thumbnail","6":"product_cat-tonice-apicole","8":"first","9":"outofstock","10":"taxable","11":"shipping-taxable","12":"product-type-simple","13":"berocket_lgv_grid","14":"berocket_lgv_list_grid"},"yoast_head":"<!-- This site is optimized with the Yoast SEO plugin v27.4 - https:\/\/yoast.com\/product\/yoast-seo-wordpress\/ -->\n<title>INFINITY No.1 - Imunitate - Infinity Honey - Miere Naturala<\/title>\n<meta name=\"robots\" content=\"index, follow, max-snippet:-1, max-image-preview:large, max-video-preview:-1\" \/>\n<link rel=\"canonical\" href=\"https:\/\/infinityhoney.ro\/en\/product\/api-mix-1\/\" \/>\n<meta property=\"og:locale\" content=\"en_US\" \/>\n<meta property=\"og:type\" content=\"article\" \/>\n<meta property=\"og:title\" content=\"INFINITY No.1 - Imunitate - Infinity Honey - Miere Naturala\" \/>\n<meta property=\"og:description\" content=\"INFINITY Nr. 1 \u2013 supliment alimentar pentru \u00eent\u0103rirea imunit\u0103\u021bii Ingrediente: Produse apicole (miere, polen, extract de propolis 30%, l\u0103pti\u0219or de matc\u0103 crud) Pulberi plante condimentare [&hellip;]\" \/>\n<meta property=\"og:url\" content=\"https:\/\/infinityhoney.ro\/en\/product\/api-mix-1\/\" \/>\n<meta property=\"og:site_name\" content=\"Infinity Honey - Miere Naturala\" \/>\n<meta property=\"article:publisher\" content=\"https:\/\/www.facebook.com\/InfinityHoneyRomania\/\" \/>\n<meta property=\"article:modified_time\" content=\"2024-02-18T22:05:01+00:00\" \/>\n<meta property=\"og:image\" content=\"https:\/\/infinityhoney.ro\/wp-content\/uploads\/2024\/02\/DALL\u00b7E-2024-02-18-23.49.41-Create-an-image-representing-the-power-of-nature-with-a-new-innovative-apitherapy-product.-Visualize-a-lush-vibrant-meadow-under-a-clear-blue-sky-wi.webp\" \/>\n\t<meta property=\"og:image:width\" content=\"1024\" \/>\n\t<meta property=\"og:image:height\" content=\"1024\" \/>\n\t<meta property=\"og:image:type\" content=\"image\/webp\" \/>\n<meta name=\"twitter:card\" content=\"summary_large_image\" \/>\n<meta name=\"twitter:label1\" content=\"Est. reading time\" \/>\n\t<meta name=\"twitter:data1\" content=\"1 minute\" \/>\n<script type=\"application\/ld+json\" class=\"yoast-schema-graph\">{\"@context\":\"https:\\\/\\\/schema.org\",\"@graph\":[{\"@type\":[\"WebPage\",\"ItemPage\"],\"@id\":\"https:\\\/\\\/infinityhoney.ro\\\/produs\\\/api-mix-1\\\/\",\"url\":\"https:\\\/\\\/infinityhoney.ro\\\/produs\\\/api-mix-1\\\/\",\"name\":\"INFINITY No.1 - Imunitate - Infinity Honey - Miere Naturala\",\"isPartOf\":{\"@id\":\"https:\\\/\\\/infinityhoney.ro\\\/de\\\/#website\"},\"primaryImageOfPage\":{\"@id\":\"https:\\\/\\\/infinityhoney.ro\\\/produs\\\/api-mix-1\\\/#primaryimage\"},\"image\":{\"@id\":\"https:\\\/\\\/infinityhoney.ro\\\/produs\\\/api-mix-1\\\/#primaryimage\"},\"thumbnailUrl\":\"https:\\\/\\\/infinityhoney.ro\\\/wp-content\\\/uploads\\\/2024\\\/02\\\/DALL\u00b7E-2024-02-18-23.49.41-Create-an-image-representing-the-power-of-nature-with-a-new-innovative-apitherapy-product.-Visualize-a-lush-vibrant-meadow-under-a-clear-blue-sky-wi.webp\",\"datePublished\":\"2024-02-15T16:53:09+00:00\",\"dateModified\":\"2024-02-18T22:05:01+00:00\",\"breadcrumb\":{\"@id\":\"https:\\\/\\\/infinityhoney.ro\\\/produs\\\/api-mix-1\\\/#breadcrumb\"},\"inLanguage\":\"en-US\",\"potentialAction\":[{\"@type\":\"ReadAction\",\"target\":[\"https:\\\/\\\/infinityhoney.ro\\\/produs\\\/api-mix-1\\\/\"]}]},{\"@type\":\"ImageObject\",\"inLanguage\":\"en-US\",\"@id\":\"https:\\\/\\\/infinityhoney.ro\\\/produs\\\/api-mix-1\\\/#primaryimage\",\"url\":\"https:\\\/\\\/infinityhoney.ro\\\/wp-content\\\/uploads\\\/2024\\\/02\\\/DALL\u00b7E-2024-02-18-23.49.41-Create-an-image-representing-the-power-of-nature-with-a-new-innovative-apitherapy-product.-Visualize-a-lush-vibrant-meadow-under-a-clear-blue-sky-wi.webp\",\"contentUrl\":\"https:\\\/\\\/infinityhoney.ro\\\/wp-content\\\/uploads\\\/2024\\\/02\\\/DALL\u00b7E-2024-02-18-23.49.41-Create-an-image-representing-the-power-of-nature-with-a-new-innovative-apitherapy-product.-Visualize-a-lush-vibrant-meadow-under-a-clear-blue-sky-wi.webp\",\"width\":1024,\"height\":1024},{\"@type\":\"BreadcrumbList\",\"@id\":\"https:\\\/\\\/infinityhoney.ro\\\/produs\\\/api-mix-1\\\/#breadcrumb\",\"itemListElement\":[{\"@type\":\"ListItem\",\"position\":1,\"name\":\"Prima pagin\u0103\",\"item\":\"https:\\\/\\\/infinityhoney.ro\\\/\"},{\"@type\":\"ListItem\",\"position\":2,\"name\":\"Shop\",\"item\":\"https:\\\/\\\/infinityhoney.ro\\\/shop\\\/\"},{\"@type\":\"ListItem\",\"position\":3,\"name\":\"INFINITY No.1 - Imunitate\"}]},{\"@type\":\"WebSite\",\"@id\":\"https:\\\/\\\/infinityhoney.ro\\\/de\\\/#website\",\"url\":\"https:\\\/\\\/infinityhoney.ro\\\/de\\\/\",\"name\":\"Infinity Honey - Miere Naturala\",\"description\":\"Miere naturala din stupina Banateana!\",\"publisher\":{\"@id\":\"https:\\\/\\\/infinityhoney.ro\\\/de\\\/#organization\"},\"potentialAction\":[{\"@type\":\"SearchAction\",\"target\":{\"@type\":\"EntryPoint\",\"urlTemplate\":\"https:\\\/\\\/infinityhoney.ro\\\/de\\\/?s={search_term_string}\"},\"query-input\":{\"@type\":\"PropertyValueSpecification\",\"valueRequired\":true,\"valueName\":\"search_term_string\"}}],\"inLanguage\":\"en-US\"},{\"@type\":\"Organization\",\"@id\":\"https:\\\/\\\/infinityhoney.ro\\\/de\\\/#organization\",\"name\":\"Infinity Honey\",\"url\":\"https:\\\/\\\/infinityhoney.ro\\\/de\\\/\",\"logo\":{\"@type\":\"ImageObject\",\"inLanguage\":\"en-US\",\"@id\":\"https:\\\/\\\/infinityhoney.ro\\\/de\\\/#\\\/schema\\\/logo\\\/image\\\/\",\"url\":\"https:\\\/\\\/infinityhoney.ro\\\/wp-content\\\/uploads\\\/2023\\\/07\\\/logo.png\",\"contentUrl\":\"https:\\\/\\\/infinityhoney.ro\\\/wp-content\\\/uploads\\\/2023\\\/07\\\/logo.png\",\"width\":171,\"height\":39,\"caption\":\"Infinity Honey\"},\"image\":{\"@id\":\"https:\\\/\\\/infinityhoney.ro\\\/de\\\/#\\\/schema\\\/logo\\\/image\\\/\"},\"sameAs\":[\"https:\\\/\\\/www.facebook.com\\\/InfinityHoneyRomania\\\/\",\"https:\\\/\\\/www.instagram.com\\\/infinity_honey_miere_naturala\\\/?hl=en\"]}]}<\/script>\n<!-- \/ Yoast SEO plugin. -->","yoast_head_json":{"title":"INFINITY No.1 - Imunitate - Infinity Honey - Miere Naturala","robots":{"index":"index","follow":"follow","max-snippet":"max-snippet:-1","max-image-preview":"max-image-preview:large","max-video-preview":"max-video-preview:-1"},"canonical":"https:\/\/infinityhoney.ro\/en\/product\/api-mix-1\/","og_locale":"en_US","og_type":"article","og_title":"INFINITY No.1 - Imunitate - Infinity Honey - Miere Naturala","og_description":"INFINITY Nr. 1 \u2013 supliment alimentar pentru \u00eent\u0103rirea imunit\u0103\u021bii Ingrediente: Produse apicole (miere, polen, extract de propolis 30%, l\u0103pti\u0219or de matc\u0103 crud) Pulberi plante condimentare [&hellip;]","og_url":"https:\/\/infinityhoney.ro\/en\/product\/api-mix-1\/","og_site_name":"Infinity Honey - Miere Naturala","article_publisher":"https:\/\/www.facebook.com\/InfinityHoneyRomania\/","article_modified_time":"2024-02-18T22:05:01+00:00","og_image":[{"width":1024,"height":1024,"url":"https:\/\/infinityhoney.ro\/wp-content\/uploads\/2024\/02\/DALL\u00b7E-2024-02-18-23.49.41-Create-an-image-representing-the-power-of-nature-with-a-new-innovative-apitherapy-product.-Visualize-a-lush-vibrant-meadow-under-a-clear-blue-sky-wi.webp","type":"image\/webp"}],"twitter_card":"summary_large_image","twitter_misc":{"Est. reading time":"1 minute"},"schema":{"@context":"https:\/\/schema.org","@graph":[{"@type":["WebPage","ItemPage"],"@id":"https:\/\/infinityhoney.ro\/produs\/api-mix-1\/","url":"https:\/\/infinityhoney.ro\/produs\/api-mix-1\/","name":"INFINITY No.1 - Imunitate - Infinity Honey - Miere Naturala","isPartOf":{"@id":"https:\/\/infinityhoney.ro\/de\/#website"},"primaryImageOfPage":{"@id":"https:\/\/infinityhoney.ro\/produs\/api-mix-1\/#primaryimage"},"image":{"@id":"https:\/\/infinityhoney.ro\/produs\/api-mix-1\/#primaryimage"},"thumbnailUrl":"https:\/\/infinityhoney.ro\/wp-content\/uploads\/2024\/02\/DALL\u00b7E-2024-02-18-23.49.41-Create-an-image-representing-the-power-of-nature-with-a-new-innovative-apitherapy-product.-Visualize-a-lush-vibrant-meadow-under-a-clear-blue-sky-wi.webp","datePublished":"2024-02-15T16:53:09+00:00","dateModified":"2024-02-18T22:05:01+00:00","breadcrumb":{"@id":"https:\/\/infinityhoney.ro\/produs\/api-mix-1\/#breadcrumb"},"inLanguage":"en-US","potentialAction":[{"@type":"ReadAction","target":["https:\/\/infinityhoney.ro\/produs\/api-mix-1\/"]}]},{"@type":"ImageObject","inLanguage":"en-US","@id":"https:\/\/infinityhoney.ro\/produs\/api-mix-1\/#primaryimage","url":"https:\/\/infinityhoney.ro\/wp-content\/uploads\/2024\/02\/DALL\u00b7E-2024-02-18-23.49.41-Create-an-image-representing-the-power-of-nature-with-a-new-innovative-apitherapy-product.-Visualize-a-lush-vibrant-meadow-under-a-clear-blue-sky-wi.webp","contentUrl":"https:\/\/infinityhoney.ro\/wp-content\/uploads\/2024\/02\/DALL\u00b7E-2024-02-18-23.49.41-Create-an-image-representing-the-power-of-nature-with-a-new-innovative-apitherapy-product.-Visualize-a-lush-vibrant-meadow-under-a-clear-blue-sky-wi.webp","width":1024,"height":1024},{"@type":"BreadcrumbList","@id":"https:\/\/infinityhoney.ro\/produs\/api-mix-1\/#breadcrumb","itemListElement":[{"@type":"ListItem","position":1,"name":"Prima pagin\u0103","item":"https:\/\/infinityhoney.ro\/"},{"@type":"ListItem","position":2,"name":"Shop","item":"https:\/\/infinityhoney.ro\/shop\/"},{"@type":"ListItem","position":3,"name":"INFINITY No.1 - Imunitate"}]},{"@type":"WebSite","@id":"https:\/\/infinityhoney.ro\/de\/#website","url":"https:\/\/infinityhoney.ro\/de\/","name":"Infinity Honey - Natural Honey","description":"Natural honey from the Banatean apiary!","publisher":{"@id":"https:\/\/infinityhoney.ro\/de\/#organization"},"potentialAction":[{"@type":"SearchAction","target":{"@type":"EntryPoint","urlTemplate":"https:\/\/infinityhoney.ro\/de\/?s={search_term_string}"},"query-input":{"@type":"PropertyValueSpecification","valueRequired":true,"valueName":"search_term_string"}}],"inLanguage":"en-US"},{"@type":"Organization","@id":"https:\/\/infinityhoney.ro\/de\/#organization","name":"Infinity Honey","url":"https:\/\/infinityhoney.ro\/de\/","logo":{"@type":"ImageObject","inLanguage":"en-US","@id":"https:\/\/infinityhoney.ro\/de\/#\/schema\/logo\/image\/","url":"https:\/\/infinityhoney.ro\/wp-content\/uploads\/2023\/07\/logo.png","contentUrl":"https:\/\/infinityhoney.ro\/wp-content\/uploads\/2023\/07\/logo.png","width":171,"height":39,"caption":"Infinity Honey"},"image":{"@id":"https:\/\/infinityhoney.ro\/de\/#\/schema\/logo\/image\/"},"sameAs":["https:\/\/www.facebook.com\/InfinityHoneyRomania\/","https:\/\/www.instagram.com\/infinity_honey_miere_naturala\/?hl=en"]}]}},"_links":{"self":[{"href":"https:\/\/infinityhoney.ro\/en\/wp-json\/wp\/v2\/product\/337","targetHints":{"allow":["GET"]}}],"collection":[{"href":"https:\/\/infinityhoney.ro\/en\/wp-json\/wp\/v2\/product"}],"about":[{"href":"https:\/\/infinityhoney.ro\/en\/wp-json\/wp\/v2\/types\/product"}],"replies":[{"embeddable":true,"href":"https:\/\/infinityhoney.ro\/en\/wp-json\/wp\/v2\/comments?post=337"}],"wp:featuredmedia":[{"embeddable":true,"href":"https:\/\/infinityhoney.ro\/en\/wp-json\/wp\/v2\/media\/343"}],"wp:attachment":[{"href":"https:\/\/infinityhoney.ro\/en\/wp-json\/wp\/v2\/media?parent=337"}],"wp:term":[{"taxonomy":"product_brand","embeddable":true,"href":"https:\/\/infinityhoney.ro\/en\/wp-json\/wp\/v2\/product_brand?post=337"},{"taxonomy":"product_cat","embeddable":true,"href":"https:\/\/infinityhoney.ro\/en\/wp-json\/wp\/v2\/product_cat?post=337"},{"taxonomy":"product_tag","embeddable":true,"href":"https:\/\/infinityhoney.ro\/en\/wp-json\/wp\/v2\/product_tag?post=337"}],"curies":[{"name":"wp","href":"https:\/\/api.w.org\/{rel}","templated":true}]}}