{"id":98,"date":"2023-07-21T08:20:59","date_gmt":"2023-07-21T08:20:59","guid":{"rendered":"https:\/\/infinityhoney.ro\/?post_type=product&#038;p=98"},"modified":"2024-02-09T21:27:11","modified_gmt":"2024-02-09T21:27:11","slug":"miere-poliflora-galeata-5kg","status":"publish","type":"product","link":"https:\/\/infinityhoney.ro\/de\/produkt\/miere-poliflora-galeata-5kg\/","title":{"rendered":"Polyflora-Honig \u2013 5-kg-Eimer"},"content":{"rendered":"<p><strong>F\u00fcr ein s\u00fc\u00dfes L\u00e4cheln auf den Gesichtern Ihrer Kunden<\/strong><br \/>\nInfinity Honey este alegerea ideala si pentru cei care au nevoie de ea ca sa isi rasfete clientii. In diverse recipiente si gramaje, dar la aceeasi calitate care ne-a consacrat, iti oferim miere poliflora numai buna de utilizat in restaurante, cafenele, hoteluri etc.<\/p>\n<p><strong>Despre mierea poliflora<\/strong><br \/>\nPolyflora-Honig ist die Methode, mit der wir das Aroma von Feldpflanzen in eine Fl\u00fcssigkeit \u00fcbertragen, die Ihre Sinne stets verw\u00f6hnt. Da es aus den freien Pflanzen der Natur stammt, hat es die Qualit\u00e4t, Sie jedes Mal aufs Neue mit seinem Aroma und seiner Farbe positiv zu \u00fcberraschen, die je nach der vorherrschenden Bl\u00fctenart, aus der unsere Bienen ihren Nektar sammeln, variieren.<\/p>\n<p>Iar calitatile mierii poliflore nu se opresc aici, aceasta fiind o sursa excelenta de vitamine si saruri minerale (contine vitamine din complexul B, vitaminele C si K, acizi organici, fier, potasiu etc.). Ca principale beneficii ale mierii poliflore asupra sanatatii amintim stimularea apetitului, facilitarea procesului digestiv, imbunatatirea activitatii inimii si a ficatului, prevenirea problemelor de crestere si a demineralizarii oaselor.<\/p>","protected":false},"excerpt":{"rendered":"<p>F\u00fcr ein s\u00fc\u00dfes L\u00e4cheln auf den Gesichtern Ihrer Kunden<\/p>","protected":false},"featured_media":99,"comment_status":"open","ping_status":"closed","template":"","meta":[],"product_brand":[],"product_cat":[18],"product_tag":[23,24,25,26],"class_list":{"0":"post-98","1":"product","2":"type-product","3":"status-publish","4":"has-post-thumbnail","6":"product_cat-horeca","7":"product_tag-5kg","8":"product_tag-galeata","9":"product_tag-miere","10":"product_tag-poliflora","12":"first","13":"instock","14":"taxable","15":"shipping-taxable","16":"purchasable","17":"product-type-simple","18":"berocket_lgv_grid","19":"berocket_lgv_list_grid"},"yoast_head":"<!-- This site is optimized with the Yoast SEO plugin v27.5 - https:\/\/yoast.com\/product\/yoast-seo-wordpress\/ -->\n<title>Miere poliflora - Galeata 5kg - Infinity Honey - Miere Naturala<\/title>\n<meta name=\"robots\" content=\"index, follow, max-snippet:-1, max-image-preview:large, max-video-preview:-1\" \/>\n<link rel=\"canonical\" href=\"https:\/\/infinityhoney.ro\/de\/produkt\/miere-poliflora-galeata-5kg\/\" \/>\n<meta property=\"og:locale\" content=\"de_DE\" \/>\n<meta property=\"og:type\" content=\"article\" \/>\n<meta property=\"og:title\" content=\"Miere poliflora - Galeata 5kg - Infinity Honey - Miere Naturala\" \/>\n<meta property=\"og:description\" content=\"Pentru zambete dulci pe chipurile clientilor tai\" \/>\n<meta property=\"og:url\" content=\"https:\/\/infinityhoney.ro\/de\/produkt\/miere-poliflora-galeata-5kg\/\" \/>\n<meta property=\"og:site_name\" content=\"Infinity Honey - Miere Naturala\" \/>\n<meta property=\"article:publisher\" content=\"https:\/\/www.facebook.com\/InfinityHoneyRomania\/\" \/>\n<meta property=\"article:modified_time\" content=\"2024-02-09T21:27:11+00:00\" \/>\n<meta property=\"og:image\" content=\"https:\/\/infinityhoney.ro\/wp-content\/uploads\/2023\/07\/galeata-5kg-miere-poliflora.png\" \/>\n\t<meta property=\"og:image:width\" content=\"600\" \/>\n\t<meta property=\"og:image:height\" content=\"400\" \/>\n\t<meta property=\"og:image:type\" content=\"image\/png\" \/>\n<meta name=\"twitter:card\" content=\"summary_large_image\" \/>\n<meta name=\"twitter:label1\" content=\"Gesch\u00e4tzte Lesezeit\" \/>\n\t<meta name=\"twitter:data1\" content=\"2\u00a0Minuten\" \/>\n<script type=\"application\/ld+json\" class=\"yoast-schema-graph\">{\"@context\":\"https:\\\/\\\/schema.org\",\"@graph\":[{\"@type\":[\"WebPage\",\"ItemPage\"],\"@id\":\"https:\\\/\\\/infinityhoney.ro\\\/produs\\\/miere-poliflora-galeata-5kg\\\/\",\"url\":\"https:\\\/\\\/infinityhoney.ro\\\/produs\\\/miere-poliflora-galeata-5kg\\\/\",\"name\":\"Miere poliflora - Galeata 5kg - Infinity Honey - Miere Naturala\",\"isPartOf\":{\"@id\":\"https:\\\/\\\/infinityhoney.ro\\\/de\\\/#website\"},\"primaryImageOfPage\":{\"@id\":\"https:\\\/\\\/infinityhoney.ro\\\/produs\\\/miere-poliflora-galeata-5kg\\\/#primaryimage\"},\"image\":{\"@id\":\"https:\\\/\\\/infinityhoney.ro\\\/produs\\\/miere-poliflora-galeata-5kg\\\/#primaryimage\"},\"thumbnailUrl\":\"https:\\\/\\\/infinityhoney.ro\\\/wp-content\\\/uploads\\\/2023\\\/07\\\/galeata-5kg-miere-poliflora.png\",\"datePublished\":\"2023-07-21T08:20:59+00:00\",\"dateModified\":\"2024-02-09T21:27:11+00:00\",\"breadcrumb\":{\"@id\":\"https:\\\/\\\/infinityhoney.ro\\\/produs\\\/miere-poliflora-galeata-5kg\\\/#breadcrumb\"},\"inLanguage\":\"de\",\"potentialAction\":[{\"@type\":\"ReadAction\",\"target\":[\"https:\\\/\\\/infinityhoney.ro\\\/produs\\\/miere-poliflora-galeata-5kg\\\/\"]}]},{\"@type\":\"ImageObject\",\"inLanguage\":\"de\",\"@id\":\"https:\\\/\\\/infinityhoney.ro\\\/produs\\\/miere-poliflora-galeata-5kg\\\/#primaryimage\",\"url\":\"https:\\\/\\\/infinityhoney.ro\\\/wp-content\\\/uploads\\\/2023\\\/07\\\/galeata-5kg-miere-poliflora.png\",\"contentUrl\":\"https:\\\/\\\/infinityhoney.ro\\\/wp-content\\\/uploads\\\/2023\\\/07\\\/galeata-5kg-miere-poliflora.png\",\"width\":600,\"height\":400},{\"@type\":\"BreadcrumbList\",\"@id\":\"https:\\\/\\\/infinityhoney.ro\\\/produs\\\/miere-poliflora-galeata-5kg\\\/#breadcrumb\",\"itemListElement\":[{\"@type\":\"ListItem\",\"position\":1,\"name\":\"Prima pagin\u0103\",\"item\":\"https:\\\/\\\/infinityhoney.ro\\\/\"},{\"@type\":\"ListItem\",\"position\":2,\"name\":\"Shop\",\"item\":\"https:\\\/\\\/infinityhoney.ro\\\/shop\\\/\"},{\"@type\":\"ListItem\",\"position\":3,\"name\":\"Miere poliflora - Galeata 5kg\"}]},{\"@type\":\"WebSite\",\"@id\":\"https:\\\/\\\/infinityhoney.ro\\\/de\\\/#website\",\"url\":\"https:\\\/\\\/infinityhoney.ro\\\/de\\\/\",\"name\":\"Infinity Honey - Miere Naturala\",\"description\":\"Miere naturala din stupina Banateana!\",\"publisher\":{\"@id\":\"https:\\\/\\\/infinityhoney.ro\\\/de\\\/#organization\"},\"potentialAction\":[{\"@type\":\"SearchAction\",\"target\":{\"@type\":\"EntryPoint\",\"urlTemplate\":\"https:\\\/\\\/infinityhoney.ro\\\/de\\\/?s={search_term_string}\"},\"query-input\":{\"@type\":\"PropertyValueSpecification\",\"valueRequired\":true,\"valueName\":\"search_term_string\"}}],\"inLanguage\":\"de\"},{\"@type\":\"Organization\",\"@id\":\"https:\\\/\\\/infinityhoney.ro\\\/de\\\/#organization\",\"name\":\"Infinity Honey\",\"url\":\"https:\\\/\\\/infinityhoney.ro\\\/de\\\/\",\"logo\":{\"@type\":\"ImageObject\",\"inLanguage\":\"de\",\"@id\":\"https:\\\/\\\/infinityhoney.ro\\\/de\\\/#\\\/schema\\\/logo\\\/image\\\/\",\"url\":\"https:\\\/\\\/infinityhoney.ro\\\/wp-content\\\/uploads\\\/2023\\\/07\\\/logo.png\",\"contentUrl\":\"https:\\\/\\\/infinityhoney.ro\\\/wp-content\\\/uploads\\\/2023\\\/07\\\/logo.png\",\"width\":171,\"height\":39,\"caption\":\"Infinity Honey\"},\"image\":{\"@id\":\"https:\\\/\\\/infinityhoney.ro\\\/de\\\/#\\\/schema\\\/logo\\\/image\\\/\"},\"sameAs\":[\"https:\\\/\\\/www.facebook.com\\\/InfinityHoneyRomania\\\/\",\"https:\\\/\\\/www.instagram.com\\\/infinity_honey_miere_naturala\\\/?hl=en\"]}]}<\/script>\n<!-- \/ Yoast SEO plugin. -->","yoast_head_json":{"title":"Miere poliflora - Galeata 5kg - Infinity Honey - Miere Naturala","robots":{"index":"index","follow":"follow","max-snippet":"max-snippet:-1","max-image-preview":"max-image-preview:large","max-video-preview":"max-video-preview:-1"},"canonical":"https:\/\/infinityhoney.ro\/de\/produkt\/miere-poliflora-galeata-5kg\/","og_locale":"de_DE","og_type":"article","og_title":"Miere poliflora - Galeata 5kg - Infinity Honey - Miere Naturala","og_description":"Pentru zambete dulci pe chipurile clientilor tai","og_url":"https:\/\/infinityhoney.ro\/de\/produkt\/miere-poliflora-galeata-5kg\/","og_site_name":"Infinity Honey - Miere Naturala","article_publisher":"https:\/\/www.facebook.com\/InfinityHoneyRomania\/","article_modified_time":"2024-02-09T21:27:11+00:00","og_image":[{"width":600,"height":400,"url":"https:\/\/infinityhoney.ro\/wp-content\/uploads\/2023\/07\/galeata-5kg-miere-poliflora.png","type":"image\/png"}],"twitter_card":"summary_large_image","twitter_misc":{"Gesch\u00e4tzte Lesezeit":"2\u00a0Minuten"},"schema":{"@context":"https:\/\/schema.org","@graph":[{"@type":["WebPage","ItemPage"],"@id":"https:\/\/infinityhoney.ro\/produs\/miere-poliflora-galeata-5kg\/","url":"https:\/\/infinityhoney.ro\/produs\/miere-poliflora-galeata-5kg\/","name":"Miere poliflora - Galeata 5kg - Infinity Honey - Miere Naturala","isPartOf":{"@id":"https:\/\/infinityhoney.ro\/de\/#website"},"primaryImageOfPage":{"@id":"https:\/\/infinityhoney.ro\/produs\/miere-poliflora-galeata-5kg\/#primaryimage"},"image":{"@id":"https:\/\/infinityhoney.ro\/produs\/miere-poliflora-galeata-5kg\/#primaryimage"},"thumbnailUrl":"https:\/\/infinityhoney.ro\/wp-content\/uploads\/2023\/07\/galeata-5kg-miere-poliflora.png","datePublished":"2023-07-21T08:20:59+00:00","dateModified":"2024-02-09T21:27:11+00:00","breadcrumb":{"@id":"https:\/\/infinityhoney.ro\/produs\/miere-poliflora-galeata-5kg\/#breadcrumb"},"inLanguage":"de","potentialAction":[{"@type":"ReadAction","target":["https:\/\/infinityhoney.ro\/produs\/miere-poliflora-galeata-5kg\/"]}]},{"@type":"ImageObject","inLanguage":"de","@id":"https:\/\/infinityhoney.ro\/produs\/miere-poliflora-galeata-5kg\/#primaryimage","url":"https:\/\/infinityhoney.ro\/wp-content\/uploads\/2023\/07\/galeata-5kg-miere-poliflora.png","contentUrl":"https:\/\/infinityhoney.ro\/wp-content\/uploads\/2023\/07\/galeata-5kg-miere-poliflora.png","width":600,"height":400},{"@type":"BreadcrumbList","@id":"https:\/\/infinityhoney.ro\/produs\/miere-poliflora-galeata-5kg\/#breadcrumb","itemListElement":[{"@type":"ListItem","position":1,"name":"Prima pagin\u0103","item":"https:\/\/infinityhoney.ro\/"},{"@type":"ListItem","position":2,"name":"Shop","item":"https:\/\/infinityhoney.ro\/shop\/"},{"@type":"ListItem","position":3,"name":"Miere poliflora - Galeata 5kg"}]},{"@type":"WebSite","@id":"https:\/\/infinityhoney.ro\/de\/#website","url":"https:\/\/infinityhoney.ro\/de\/","name":"Infinity Honey \u2013 Nat\u00fcrlicher Honig","description":"Nat\u00fcrlicher Honig aus der Banatean-Imkerei!","publisher":{"@id":"https:\/\/infinityhoney.ro\/de\/#organization"},"potentialAction":[{"@type":"SearchAction","target":{"@type":"EntryPoint","urlTemplate":"https:\/\/infinityhoney.ro\/de\/?s={search_term_string}"},"query-input":{"@type":"PropertyValueSpecification","valueRequired":true,"valueName":"search_term_string"}}],"inLanguage":"de"},{"@type":"Organization","@id":"https:\/\/infinityhoney.ro\/de\/#organization","name":"Unendlichkeitsschatz","url":"https:\/\/infinityhoney.ro\/de\/","logo":{"@type":"ImageObject","inLanguage":"de","@id":"https:\/\/infinityhoney.ro\/de\/#\/schema\/logo\/image\/","url":"https:\/\/infinityhoney.ro\/wp-content\/uploads\/2023\/07\/logo.png","contentUrl":"https:\/\/infinityhoney.ro\/wp-content\/uploads\/2023\/07\/logo.png","width":171,"height":39,"caption":"Infinity Honey"},"image":{"@id":"https:\/\/infinityhoney.ro\/de\/#\/schema\/logo\/image\/"},"sameAs":["https:\/\/www.facebook.com\/InfinityHoneyRomania\/","https:\/\/www.instagram.com\/infinity_honey_miere_naturala\/?hl=en"]}]}},"_links":{"self":[{"href":"https:\/\/infinityhoney.ro\/de\/wp-json\/wp\/v2\/product\/98","targetHints":{"allow":["GET"]}}],"collection":[{"href":"https:\/\/infinityhoney.ro\/de\/wp-json\/wp\/v2\/product"}],"about":[{"href":"https:\/\/infinityhoney.ro\/de\/wp-json\/wp\/v2\/types\/product"}],"replies":[{"embeddable":true,"href":"https:\/\/infinityhoney.ro\/de\/wp-json\/wp\/v2\/comments?post=98"}],"wp:featuredmedia":[{"embeddable":true,"href":"https:\/\/infinityhoney.ro\/de\/wp-json\/wp\/v2\/media\/99"}],"wp:attachment":[{"href":"https:\/\/infinityhoney.ro\/de\/wp-json\/wp\/v2\/media?parent=98"}],"wp:term":[{"taxonomy":"product_brand","embeddable":true,"href":"https:\/\/infinityhoney.ro\/de\/wp-json\/wp\/v2\/product_brand?post=98"},{"taxonomy":"product_cat","embeddable":true,"href":"https:\/\/infinityhoney.ro\/de\/wp-json\/wp\/v2\/product_cat?post=98"},{"taxonomy":"product_tag","embeddable":true,"href":"https:\/\/infinityhoney.ro\/de\/wp-json\/wp\/v2\/product_tag?post=98"}],"curies":[{"name":"wp","href":"https:\/\/api.w.org\/{rel}","templated":true}]}}