{"id":142,"date":"2023-07-21T12:26:07","date_gmt":"2023-07-21T12:26:07","guid":{"rendered":"https:\/\/infinityhoney.ro\/?post_type=product&#038;p=142"},"modified":"2024-02-09T21:14:05","modified_gmt":"2024-02-09T21:14:05","slug":"miere-de-flori-de-munte-zmeur-mur-cimrisor-500g","status":"publish","type":"product","link":"https:\/\/infinityhoney.ro\/de\/produkt\/miere-de-flori-de-munte-zmeur-mur-cimrisor-500g\/","title":{"rendered":"Bergbl\u00fctenhonig (Himbeere, Brombeere, Moltebeere) 500g"},"content":{"rendered":"<p><strong>Die s\u00fc\u00dfe Belohnung der wilden Natur<\/strong><br \/>\nHonig aus vielen Bl\u00fcten ist die Methode, mit der wir Ihnen die Reinheit der wilden Bergregionen mit ihrem angenehmen und intensiven Aroma n\u00e4her bringen. Es ist eine der Honigsorten, die uns am meisten zum Dank l\u00e4cheln, denn um ihn zu bekommen, legen wir gemeinsam mit unseren Bienen weite Strecken zur\u00fcck.<\/p>","protected":false},"excerpt":{"rendered":"<p>Honig aus vielen Blumen (Gei\u00dfblatt, Himbeere, Brombeere) \u2013 Die Reinheit wilder Berggebiete<\/p>","protected":false},"featured_media":143,"comment_status":"open","ping_status":"closed","template":"","meta":[],"product_brand":[],"product_cat":[17],"product_tag":[27,28,29,48,31],"class_list":{"0":"post-142","1":"product","2":"type-product","3":"status-publish","4":"has-post-thumbnail","6":"product_cat-borcane-cu-miere","7":"product_tag-albine","8":"product_tag-borcan","9":"product_tag-cruda","10":"product_tag-miere-de-flori-de-munte","11":"product_tag-naturala","13":"first","14":"instock","15":"sale","16":"taxable","17":"shipping-taxable","18":"purchasable","19":"product-type-simple","20":"berocket_lgv_grid","21":"berocket_lgv_list_grid"},"yoast_head":"<!-- This site is optimized with the Yoast SEO plugin v27.4 - https:\/\/yoast.com\/product\/yoast-seo-wordpress\/ -->\n<title>Miere de flori de munte (zmeur, mur, cimrisor) 500g - Infinity Honey - Miere Naturala<\/title>\n<meta name=\"robots\" content=\"index, follow, max-snippet:-1, max-image-preview:large, max-video-preview:-1\" \/>\n<link rel=\"canonical\" href=\"https:\/\/infinityhoney.ro\/de\/produkt\/miere-de-flori-de-munte-zmeur-mur-cimrisor-500g\/\" \/>\n<meta property=\"og:locale\" content=\"de_DE\" \/>\n<meta property=\"og:type\" content=\"article\" \/>\n<meta property=\"og:title\" content=\"Miere de flori de munte (zmeur, mur, cimrisor) 500g - Infinity Honey - Miere Naturala\" \/>\n<meta property=\"og:description\" content=\"Miere din flori de multe (cimbri\u0219or, zmeur, mur) \u2013 Puritatea zonelor muntoase salbatice\" \/>\n<meta property=\"og:url\" content=\"https:\/\/infinityhoney.ro\/de\/produkt\/miere-de-flori-de-munte-zmeur-mur-cimrisor-500g\/\" \/>\n<meta property=\"og:site_name\" content=\"Infinity Honey - Miere Naturala\" \/>\n<meta property=\"article:publisher\" content=\"https:\/\/www.facebook.com\/InfinityHoneyRomania\/\" \/>\n<meta property=\"article:modified_time\" content=\"2024-02-09T21:14:05+00:00\" \/>\n<meta property=\"og:image\" content=\"https:\/\/infinityhoney.ro\/wp-content\/uploads\/2023\/07\/miere-flori-de-munte-1.jpg\" \/>\n\t<meta property=\"og:image:width\" content=\"600\" \/>\n\t<meta property=\"og:image:height\" content=\"400\" \/>\n\t<meta property=\"og:image:type\" content=\"image\/jpeg\" \/>\n<meta name=\"twitter:card\" content=\"summary_large_image\" \/>\n<meta name=\"twitter:label1\" content=\"Gesch\u00e4tzte Lesezeit\" \/>\n\t<meta name=\"twitter:data1\" content=\"1\u00a0Minute\" \/>\n<script type=\"application\/ld+json\" class=\"yoast-schema-graph\">{\"@context\":\"https:\\\/\\\/schema.org\",\"@graph\":[{\"@type\":[\"WebPage\",\"ItemPage\"],\"@id\":\"https:\\\/\\\/infinityhoney.ro\\\/produs\\\/miere-de-flori-de-munte-zmeur-mur-cimrisor-500g\\\/\",\"url\":\"https:\\\/\\\/infinityhoney.ro\\\/produs\\\/miere-de-flori-de-munte-zmeur-mur-cimrisor-500g\\\/\",\"name\":\"Miere de flori de munte (zmeur, mur, cimrisor) 500g - Infinity Honey - Miere Naturala\",\"isPartOf\":{\"@id\":\"https:\\\/\\\/infinityhoney.ro\\\/de\\\/#website\"},\"primaryImageOfPage\":{\"@id\":\"https:\\\/\\\/infinityhoney.ro\\\/produs\\\/miere-de-flori-de-munte-zmeur-mur-cimrisor-500g\\\/#primaryimage\"},\"image\":{\"@id\":\"https:\\\/\\\/infinityhoney.ro\\\/produs\\\/miere-de-flori-de-munte-zmeur-mur-cimrisor-500g\\\/#primaryimage\"},\"thumbnailUrl\":\"https:\\\/\\\/infinityhoney.ro\\\/wp-content\\\/uploads\\\/2023\\\/07\\\/miere-flori-de-munte-1.jpg\",\"datePublished\":\"2023-07-21T12:26:07+00:00\",\"dateModified\":\"2024-02-09T21:14:05+00:00\",\"breadcrumb\":{\"@id\":\"https:\\\/\\\/infinityhoney.ro\\\/produs\\\/miere-de-flori-de-munte-zmeur-mur-cimrisor-500g\\\/#breadcrumb\"},\"inLanguage\":\"de\",\"potentialAction\":[{\"@type\":\"ReadAction\",\"target\":[\"https:\\\/\\\/infinityhoney.ro\\\/produs\\\/miere-de-flori-de-munte-zmeur-mur-cimrisor-500g\\\/\"]}]},{\"@type\":\"ImageObject\",\"inLanguage\":\"de\",\"@id\":\"https:\\\/\\\/infinityhoney.ro\\\/produs\\\/miere-de-flori-de-munte-zmeur-mur-cimrisor-500g\\\/#primaryimage\",\"url\":\"https:\\\/\\\/infinityhoney.ro\\\/wp-content\\\/uploads\\\/2023\\\/07\\\/miere-flori-de-munte-1.jpg\",\"contentUrl\":\"https:\\\/\\\/infinityhoney.ro\\\/wp-content\\\/uploads\\\/2023\\\/07\\\/miere-flori-de-munte-1.jpg\",\"width\":600,\"height\":400},{\"@type\":\"BreadcrumbList\",\"@id\":\"https:\\\/\\\/infinityhoney.ro\\\/produs\\\/miere-de-flori-de-munte-zmeur-mur-cimrisor-500g\\\/#breadcrumb\",\"itemListElement\":[{\"@type\":\"ListItem\",\"position\":1,\"name\":\"Prima pagin\u0103\",\"item\":\"https:\\\/\\\/infinityhoney.ro\\\/\"},{\"@type\":\"ListItem\",\"position\":2,\"name\":\"Shop\",\"item\":\"https:\\\/\\\/infinityhoney.ro\\\/shop\\\/\"},{\"@type\":\"ListItem\",\"position\":3,\"name\":\"Miere de flori de munte (zmeur, mur, cimrisor) 500g\"}]},{\"@type\":\"WebSite\",\"@id\":\"https:\\\/\\\/infinityhoney.ro\\\/de\\\/#website\",\"url\":\"https:\\\/\\\/infinityhoney.ro\\\/de\\\/\",\"name\":\"Infinity Honey - Miere Naturala\",\"description\":\"Miere naturala din stupina Banateana!\",\"publisher\":{\"@id\":\"https:\\\/\\\/infinityhoney.ro\\\/de\\\/#organization\"},\"potentialAction\":[{\"@type\":\"SearchAction\",\"target\":{\"@type\":\"EntryPoint\",\"urlTemplate\":\"https:\\\/\\\/infinityhoney.ro\\\/de\\\/?s={search_term_string}\"},\"query-input\":{\"@type\":\"PropertyValueSpecification\",\"valueRequired\":true,\"valueName\":\"search_term_string\"}}],\"inLanguage\":\"de\"},{\"@type\":\"Organization\",\"@id\":\"https:\\\/\\\/infinityhoney.ro\\\/de\\\/#organization\",\"name\":\"Infinity Honey\",\"url\":\"https:\\\/\\\/infinityhoney.ro\\\/de\\\/\",\"logo\":{\"@type\":\"ImageObject\",\"inLanguage\":\"de\",\"@id\":\"https:\\\/\\\/infinityhoney.ro\\\/de\\\/#\\\/schema\\\/logo\\\/image\\\/\",\"url\":\"https:\\\/\\\/infinityhoney.ro\\\/wp-content\\\/uploads\\\/2023\\\/07\\\/logo.png\",\"contentUrl\":\"https:\\\/\\\/infinityhoney.ro\\\/wp-content\\\/uploads\\\/2023\\\/07\\\/logo.png\",\"width\":171,\"height\":39,\"caption\":\"Infinity Honey\"},\"image\":{\"@id\":\"https:\\\/\\\/infinityhoney.ro\\\/de\\\/#\\\/schema\\\/logo\\\/image\\\/\"},\"sameAs\":[\"https:\\\/\\\/www.facebook.com\\\/InfinityHoneyRomania\\\/\",\"https:\\\/\\\/www.instagram.com\\\/infinity_honey_miere_naturala\\\/?hl=en\"]}]}<\/script>\n<!-- \/ Yoast SEO plugin. -->","yoast_head_json":{"title":"Miere de flori de munte (zmeur, mur, cimrisor) 500g - Infinity Honey - Miere Naturala","robots":{"index":"index","follow":"follow","max-snippet":"max-snippet:-1","max-image-preview":"max-image-preview:large","max-video-preview":"max-video-preview:-1"},"canonical":"https:\/\/infinityhoney.ro\/de\/produkt\/miere-de-flori-de-munte-zmeur-mur-cimrisor-500g\/","og_locale":"de_DE","og_type":"article","og_title":"Miere de flori de munte (zmeur, mur, cimrisor) 500g - Infinity Honey - Miere Naturala","og_description":"Miere din flori de multe (cimbri\u0219or, zmeur, mur) \u2013 Puritatea zonelor muntoase salbatice","og_url":"https:\/\/infinityhoney.ro\/de\/produkt\/miere-de-flori-de-munte-zmeur-mur-cimrisor-500g\/","og_site_name":"Infinity Honey - Miere Naturala","article_publisher":"https:\/\/www.facebook.com\/InfinityHoneyRomania\/","article_modified_time":"2024-02-09T21:14:05+00:00","og_image":[{"width":600,"height":400,"url":"https:\/\/infinityhoney.ro\/wp-content\/uploads\/2023\/07\/miere-flori-de-munte-1.jpg","type":"image\/jpeg"}],"twitter_card":"summary_large_image","twitter_misc":{"Gesch\u00e4tzte Lesezeit":"1\u00a0Minute"},"schema":{"@context":"https:\/\/schema.org","@graph":[{"@type":["WebPage","ItemPage"],"@id":"https:\/\/infinityhoney.ro\/produs\/miere-de-flori-de-munte-zmeur-mur-cimrisor-500g\/","url":"https:\/\/infinityhoney.ro\/produs\/miere-de-flori-de-munte-zmeur-mur-cimrisor-500g\/","name":"Miere de flori de munte (zmeur, mur, cimrisor) 500g - Infinity Honey - Miere Naturala","isPartOf":{"@id":"https:\/\/infinityhoney.ro\/de\/#website"},"primaryImageOfPage":{"@id":"https:\/\/infinityhoney.ro\/produs\/miere-de-flori-de-munte-zmeur-mur-cimrisor-500g\/#primaryimage"},"image":{"@id":"https:\/\/infinityhoney.ro\/produs\/miere-de-flori-de-munte-zmeur-mur-cimrisor-500g\/#primaryimage"},"thumbnailUrl":"https:\/\/infinityhoney.ro\/wp-content\/uploads\/2023\/07\/miere-flori-de-munte-1.jpg","datePublished":"2023-07-21T12:26:07+00:00","dateModified":"2024-02-09T21:14:05+00:00","breadcrumb":{"@id":"https:\/\/infinityhoney.ro\/produs\/miere-de-flori-de-munte-zmeur-mur-cimrisor-500g\/#breadcrumb"},"inLanguage":"de","potentialAction":[{"@type":"ReadAction","target":["https:\/\/infinityhoney.ro\/produs\/miere-de-flori-de-munte-zmeur-mur-cimrisor-500g\/"]}]},{"@type":"ImageObject","inLanguage":"de","@id":"https:\/\/infinityhoney.ro\/produs\/miere-de-flori-de-munte-zmeur-mur-cimrisor-500g\/#primaryimage","url":"https:\/\/infinityhoney.ro\/wp-content\/uploads\/2023\/07\/miere-flori-de-munte-1.jpg","contentUrl":"https:\/\/infinityhoney.ro\/wp-content\/uploads\/2023\/07\/miere-flori-de-munte-1.jpg","width":600,"height":400},{"@type":"BreadcrumbList","@id":"https:\/\/infinityhoney.ro\/produs\/miere-de-flori-de-munte-zmeur-mur-cimrisor-500g\/#breadcrumb","itemListElement":[{"@type":"ListItem","position":1,"name":"Prima pagin\u0103","item":"https:\/\/infinityhoney.ro\/"},{"@type":"ListItem","position":2,"name":"Shop","item":"https:\/\/infinityhoney.ro\/shop\/"},{"@type":"ListItem","position":3,"name":"Miere de flori de munte (zmeur, mur, cimrisor) 500g"}]},{"@type":"WebSite","@id":"https:\/\/infinityhoney.ro\/de\/#website","url":"https:\/\/infinityhoney.ro\/de\/","name":"Infinity Honey \u2013 Nat\u00fcrlicher Honig","description":"Nat\u00fcrlicher Honig aus der Banatean-Imkerei!","publisher":{"@id":"https:\/\/infinityhoney.ro\/de\/#organization"},"potentialAction":[{"@type":"SearchAction","target":{"@type":"EntryPoint","urlTemplate":"https:\/\/infinityhoney.ro\/de\/?s={search_term_string}"},"query-input":{"@type":"PropertyValueSpecification","valueRequired":true,"valueName":"search_term_string"}}],"inLanguage":"de"},{"@type":"Organization","@id":"https:\/\/infinityhoney.ro\/de\/#organization","name":"Unendlichkeitsschatz","url":"https:\/\/infinityhoney.ro\/de\/","logo":{"@type":"ImageObject","inLanguage":"de","@id":"https:\/\/infinityhoney.ro\/de\/#\/schema\/logo\/image\/","url":"https:\/\/infinityhoney.ro\/wp-content\/uploads\/2023\/07\/logo.png","contentUrl":"https:\/\/infinityhoney.ro\/wp-content\/uploads\/2023\/07\/logo.png","width":171,"height":39,"caption":"Infinity Honey"},"image":{"@id":"https:\/\/infinityhoney.ro\/de\/#\/schema\/logo\/image\/"},"sameAs":["https:\/\/www.facebook.com\/InfinityHoneyRomania\/","https:\/\/www.instagram.com\/infinity_honey_miere_naturala\/?hl=en"]}]}},"_links":{"self":[{"href":"https:\/\/infinityhoney.ro\/de\/wp-json\/wp\/v2\/product\/142","targetHints":{"allow":["GET"]}}],"collection":[{"href":"https:\/\/infinityhoney.ro\/de\/wp-json\/wp\/v2\/product"}],"about":[{"href":"https:\/\/infinityhoney.ro\/de\/wp-json\/wp\/v2\/types\/product"}],"replies":[{"embeddable":true,"href":"https:\/\/infinityhoney.ro\/de\/wp-json\/wp\/v2\/comments?post=142"}],"wp:featuredmedia":[{"embeddable":true,"href":"https:\/\/infinityhoney.ro\/de\/wp-json\/wp\/v2\/media\/143"}],"wp:attachment":[{"href":"https:\/\/infinityhoney.ro\/de\/wp-json\/wp\/v2\/media?parent=142"}],"wp:term":[{"taxonomy":"product_brand","embeddable":true,"href":"https:\/\/infinityhoney.ro\/de\/wp-json\/wp\/v2\/product_brand?post=142"},{"taxonomy":"product_cat","embeddable":true,"href":"https:\/\/infinityhoney.ro\/de\/wp-json\/wp\/v2\/product_cat?post=142"},{"taxonomy":"product_tag","embeddable":true,"href":"https:\/\/infinityhoney.ro\/de\/wp-json\/wp\/v2\/product_tag?post=142"}],"curies":[{"name":"wp","href":"https:\/\/api.w.org\/{rel}","templated":true}]}}