{"id":130,"date":"2023-07-21T11:13:36","date_gmt":"2023-07-21T11:13:36","guid":{"rendered":"https:\/\/infinityhoney.ro\/?post_type=product&#038;p=130"},"modified":"2024-02-09T21:15:25","modified_gmt":"2024-02-09T21:15:25","slug":"miere-poliflora-250g","status":"publish","type":"product","link":"https:\/\/infinityhoney.ro\/de\/produkt\/miere-poliflora-250g\/","title":{"rendered":"Polyflora-Honig 250g"},"content":{"rendered":"<p><strong>Eine \u00dcberraschung f\u00fcr die Sinne<\/strong><br \/>\nPolyflora-Honig ist die Methode, mit der wir das Aroma von Feldpflanzen in eine Fl\u00fcssigkeit \u00fcbertragen, die Ihre Sinne stets verw\u00f6hnt. Da es aus den freien Pflanzen der Natur stammt, hat es die Qualit\u00e4t, Sie jedes Mal aufs Neue mit seinem Aroma und seiner Farbe positiv zu \u00fcberraschen, die je nach der vorherrschenden Bl\u00fctenart, aus der unsere Bienen ihren Nektar sammeln, variieren.<\/p>","protected":false},"excerpt":{"rendered":"<p>Polyflora-Honig \u2013 Orchester der Feldpflanzen<\/p>","protected":false},"featured_media":131,"comment_status":"open","ping_status":"closed","template":"","meta":[],"product_brand":[],"product_cat":[17],"product_tag":[27,28,29,46,31],"class_list":{"0":"post-130","1":"product","2":"type-product","3":"status-publish","4":"has-post-thumbnail","6":"product_cat-borcane-cu-miere","7":"product_tag-albine","8":"product_tag-borcan","9":"product_tag-cruda","10":"product_tag-miere-poliflora","11":"product_tag-naturala","13":"first","14":"instock","15":"sale","16":"taxable","17":"shipping-taxable","18":"purchasable","19":"product-type-simple","20":"berocket_lgv_grid","21":"berocket_lgv_list_grid"},"yoast_head":"<!-- This site is optimized with the Yoast SEO plugin v27.4 - https:\/\/yoast.com\/product\/yoast-seo-wordpress\/ -->\n<title>Miere poliflora 250g - Infinity Honey - Miere Naturala<\/title>\n<meta name=\"robots\" content=\"index, follow, max-snippet:-1, max-image-preview:large, max-video-preview:-1\" \/>\n<link rel=\"canonical\" href=\"https:\/\/infinityhoney.ro\/de\/produkt\/miere-poliflora-250g\/\" \/>\n<meta property=\"og:locale\" content=\"de_DE\" \/>\n<meta property=\"og:type\" content=\"article\" \/>\n<meta property=\"og:title\" content=\"Miere poliflora 250g - Infinity Honey - Miere Naturala\" \/>\n<meta property=\"og:description\" content=\"Miere poliflora - Orchestra plantelor de camp\" \/>\n<meta property=\"og:url\" content=\"https:\/\/infinityhoney.ro\/de\/produkt\/miere-poliflora-250g\/\" \/>\n<meta property=\"og:site_name\" content=\"Infinity Honey - Miere Naturala\" \/>\n<meta property=\"article:publisher\" content=\"https:\/\/www.facebook.com\/InfinityHoneyRomania\/\" \/>\n<meta property=\"article:modified_time\" content=\"2024-02-09T21:15:25+00:00\" \/>\n<meta property=\"og:image\" content=\"https:\/\/infinityhoney.ro\/wp-content\/uploads\/2023\/07\/miere-poliflora-2.jpg\" \/>\n\t<meta property=\"og:image:width\" content=\"600\" \/>\n\t<meta property=\"og:image:height\" content=\"400\" \/>\n\t<meta property=\"og:image:type\" content=\"image\/jpeg\" \/>\n<meta name=\"twitter:card\" content=\"summary_large_image\" \/>\n<meta name=\"twitter:label1\" content=\"Gesch\u00e4tzte Lesezeit\" \/>\n\t<meta name=\"twitter:data1\" content=\"1\u00a0Minute\" \/>\n<script type=\"application\/ld+json\" class=\"yoast-schema-graph\">{\"@context\":\"https:\\\/\\\/schema.org\",\"@graph\":[{\"@type\":[\"WebPage\",\"ItemPage\"],\"@id\":\"https:\\\/\\\/infinityhoney.ro\\\/produs\\\/miere-poliflora-250g\\\/\",\"url\":\"https:\\\/\\\/infinityhoney.ro\\\/produs\\\/miere-poliflora-250g\\\/\",\"name\":\"Miere poliflora 250g - Infinity Honey - Miere Naturala\",\"isPartOf\":{\"@id\":\"https:\\\/\\\/infinityhoney.ro\\\/de\\\/#website\"},\"primaryImageOfPage\":{\"@id\":\"https:\\\/\\\/infinityhoney.ro\\\/produs\\\/miere-poliflora-250g\\\/#primaryimage\"},\"image\":{\"@id\":\"https:\\\/\\\/infinityhoney.ro\\\/produs\\\/miere-poliflora-250g\\\/#primaryimage\"},\"thumbnailUrl\":\"https:\\\/\\\/infinityhoney.ro\\\/wp-content\\\/uploads\\\/2023\\\/07\\\/miere-poliflora-2.jpg\",\"datePublished\":\"2023-07-21T11:13:36+00:00\",\"dateModified\":\"2024-02-09T21:15:25+00:00\",\"breadcrumb\":{\"@id\":\"https:\\\/\\\/infinityhoney.ro\\\/produs\\\/miere-poliflora-250g\\\/#breadcrumb\"},\"inLanguage\":\"de\",\"potentialAction\":[{\"@type\":\"ReadAction\",\"target\":[\"https:\\\/\\\/infinityhoney.ro\\\/produs\\\/miere-poliflora-250g\\\/\"]}]},{\"@type\":\"ImageObject\",\"inLanguage\":\"de\",\"@id\":\"https:\\\/\\\/infinityhoney.ro\\\/produs\\\/miere-poliflora-250g\\\/#primaryimage\",\"url\":\"https:\\\/\\\/infinityhoney.ro\\\/wp-content\\\/uploads\\\/2023\\\/07\\\/miere-poliflora-2.jpg\",\"contentUrl\":\"https:\\\/\\\/infinityhoney.ro\\\/wp-content\\\/uploads\\\/2023\\\/07\\\/miere-poliflora-2.jpg\",\"width\":600,\"height\":400},{\"@type\":\"BreadcrumbList\",\"@id\":\"https:\\\/\\\/infinityhoney.ro\\\/produs\\\/miere-poliflora-250g\\\/#breadcrumb\",\"itemListElement\":[{\"@type\":\"ListItem\",\"position\":1,\"name\":\"Prima pagin\u0103\",\"item\":\"https:\\\/\\\/infinityhoney.ro\\\/\"},{\"@type\":\"ListItem\",\"position\":2,\"name\":\"Shop\",\"item\":\"https:\\\/\\\/infinityhoney.ro\\\/shop\\\/\"},{\"@type\":\"ListItem\",\"position\":3,\"name\":\"Miere poliflora 250g\"}]},{\"@type\":\"WebSite\",\"@id\":\"https:\\\/\\\/infinityhoney.ro\\\/de\\\/#website\",\"url\":\"https:\\\/\\\/infinityhoney.ro\\\/de\\\/\",\"name\":\"Infinity Honey - Miere Naturala\",\"description\":\"Miere naturala din stupina Banateana!\",\"publisher\":{\"@id\":\"https:\\\/\\\/infinityhoney.ro\\\/de\\\/#organization\"},\"potentialAction\":[{\"@type\":\"SearchAction\",\"target\":{\"@type\":\"EntryPoint\",\"urlTemplate\":\"https:\\\/\\\/infinityhoney.ro\\\/de\\\/?s={search_term_string}\"},\"query-input\":{\"@type\":\"PropertyValueSpecification\",\"valueRequired\":true,\"valueName\":\"search_term_string\"}}],\"inLanguage\":\"de\"},{\"@type\":\"Organization\",\"@id\":\"https:\\\/\\\/infinityhoney.ro\\\/de\\\/#organization\",\"name\":\"Infinity Honey\",\"url\":\"https:\\\/\\\/infinityhoney.ro\\\/de\\\/\",\"logo\":{\"@type\":\"ImageObject\",\"inLanguage\":\"de\",\"@id\":\"https:\\\/\\\/infinityhoney.ro\\\/de\\\/#\\\/schema\\\/logo\\\/image\\\/\",\"url\":\"https:\\\/\\\/infinityhoney.ro\\\/wp-content\\\/uploads\\\/2023\\\/07\\\/logo.png\",\"contentUrl\":\"https:\\\/\\\/infinityhoney.ro\\\/wp-content\\\/uploads\\\/2023\\\/07\\\/logo.png\",\"width\":171,\"height\":39,\"caption\":\"Infinity Honey\"},\"image\":{\"@id\":\"https:\\\/\\\/infinityhoney.ro\\\/de\\\/#\\\/schema\\\/logo\\\/image\\\/\"},\"sameAs\":[\"https:\\\/\\\/www.facebook.com\\\/InfinityHoneyRomania\\\/\",\"https:\\\/\\\/www.instagram.com\\\/infinity_honey_miere_naturala\\\/?hl=en\"]}]}<\/script>\n<!-- \/ Yoast SEO plugin. -->","yoast_head_json":{"title":"Miere poliflora 250g - Infinity Honey - Miere Naturala","robots":{"index":"index","follow":"follow","max-snippet":"max-snippet:-1","max-image-preview":"max-image-preview:large","max-video-preview":"max-video-preview:-1"},"canonical":"https:\/\/infinityhoney.ro\/de\/produkt\/miere-poliflora-250g\/","og_locale":"de_DE","og_type":"article","og_title":"Miere poliflora 250g - Infinity Honey - Miere Naturala","og_description":"Miere poliflora - Orchestra plantelor de camp","og_url":"https:\/\/infinityhoney.ro\/de\/produkt\/miere-poliflora-250g\/","og_site_name":"Infinity Honey - Miere Naturala","article_publisher":"https:\/\/www.facebook.com\/InfinityHoneyRomania\/","article_modified_time":"2024-02-09T21:15:25+00:00","og_image":[{"width":600,"height":400,"url":"https:\/\/infinityhoney.ro\/wp-content\/uploads\/2023\/07\/miere-poliflora-2.jpg","type":"image\/jpeg"}],"twitter_card":"summary_large_image","twitter_misc":{"Gesch\u00e4tzte Lesezeit":"1\u00a0Minute"},"schema":{"@context":"https:\/\/schema.org","@graph":[{"@type":["WebPage","ItemPage"],"@id":"https:\/\/infinityhoney.ro\/produs\/miere-poliflora-250g\/","url":"https:\/\/infinityhoney.ro\/produs\/miere-poliflora-250g\/","name":"Miere poliflora 250g - Infinity Honey - Miere Naturala","isPartOf":{"@id":"https:\/\/infinityhoney.ro\/de\/#website"},"primaryImageOfPage":{"@id":"https:\/\/infinityhoney.ro\/produs\/miere-poliflora-250g\/#primaryimage"},"image":{"@id":"https:\/\/infinityhoney.ro\/produs\/miere-poliflora-250g\/#primaryimage"},"thumbnailUrl":"https:\/\/infinityhoney.ro\/wp-content\/uploads\/2023\/07\/miere-poliflora-2.jpg","datePublished":"2023-07-21T11:13:36+00:00","dateModified":"2024-02-09T21:15:25+00:00","breadcrumb":{"@id":"https:\/\/infinityhoney.ro\/produs\/miere-poliflora-250g\/#breadcrumb"},"inLanguage":"de","potentialAction":[{"@type":"ReadAction","target":["https:\/\/infinityhoney.ro\/produs\/miere-poliflora-250g\/"]}]},{"@type":"ImageObject","inLanguage":"de","@id":"https:\/\/infinityhoney.ro\/produs\/miere-poliflora-250g\/#primaryimage","url":"https:\/\/infinityhoney.ro\/wp-content\/uploads\/2023\/07\/miere-poliflora-2.jpg","contentUrl":"https:\/\/infinityhoney.ro\/wp-content\/uploads\/2023\/07\/miere-poliflora-2.jpg","width":600,"height":400},{"@type":"BreadcrumbList","@id":"https:\/\/infinityhoney.ro\/produs\/miere-poliflora-250g\/#breadcrumb","itemListElement":[{"@type":"ListItem","position":1,"name":"Prima pagin\u0103","item":"https:\/\/infinityhoney.ro\/"},{"@type":"ListItem","position":2,"name":"Shop","item":"https:\/\/infinityhoney.ro\/shop\/"},{"@type":"ListItem","position":3,"name":"Miere poliflora 250g"}]},{"@type":"WebSite","@id":"https:\/\/infinityhoney.ro\/de\/#website","url":"https:\/\/infinityhoney.ro\/de\/","name":"Infinity Honey \u2013 Nat\u00fcrlicher Honig","description":"Nat\u00fcrlicher Honig aus der Banatean-Imkerei!","publisher":{"@id":"https:\/\/infinityhoney.ro\/de\/#organization"},"potentialAction":[{"@type":"SearchAction","target":{"@type":"EntryPoint","urlTemplate":"https:\/\/infinityhoney.ro\/de\/?s={search_term_string}"},"query-input":{"@type":"PropertyValueSpecification","valueRequired":true,"valueName":"search_term_string"}}],"inLanguage":"de"},{"@type":"Organization","@id":"https:\/\/infinityhoney.ro\/de\/#organization","name":"Unendlichkeitsschatz","url":"https:\/\/infinityhoney.ro\/de\/","logo":{"@type":"ImageObject","inLanguage":"de","@id":"https:\/\/infinityhoney.ro\/de\/#\/schema\/logo\/image\/","url":"https:\/\/infinityhoney.ro\/wp-content\/uploads\/2023\/07\/logo.png","contentUrl":"https:\/\/infinityhoney.ro\/wp-content\/uploads\/2023\/07\/logo.png","width":171,"height":39,"caption":"Infinity Honey"},"image":{"@id":"https:\/\/infinityhoney.ro\/de\/#\/schema\/logo\/image\/"},"sameAs":["https:\/\/www.facebook.com\/InfinityHoneyRomania\/","https:\/\/www.instagram.com\/infinity_honey_miere_naturala\/?hl=en"]}]}},"_links":{"self":[{"href":"https:\/\/infinityhoney.ro\/de\/wp-json\/wp\/v2\/product\/130","targetHints":{"allow":["GET"]}}],"collection":[{"href":"https:\/\/infinityhoney.ro\/de\/wp-json\/wp\/v2\/product"}],"about":[{"href":"https:\/\/infinityhoney.ro\/de\/wp-json\/wp\/v2\/types\/product"}],"replies":[{"embeddable":true,"href":"https:\/\/infinityhoney.ro\/de\/wp-json\/wp\/v2\/comments?post=130"}],"wp:featuredmedia":[{"embeddable":true,"href":"https:\/\/infinityhoney.ro\/de\/wp-json\/wp\/v2\/media\/131"}],"wp:attachment":[{"href":"https:\/\/infinityhoney.ro\/de\/wp-json\/wp\/v2\/media?parent=130"}],"wp:term":[{"taxonomy":"product_brand","embeddable":true,"href":"https:\/\/infinityhoney.ro\/de\/wp-json\/wp\/v2\/product_brand?post=130"},{"taxonomy":"product_cat","embeddable":true,"href":"https:\/\/infinityhoney.ro\/de\/wp-json\/wp\/v2\/product_cat?post=130"},{"taxonomy":"product_tag","embeddable":true,"href":"https:\/\/infinityhoney.ro\/de\/wp-json\/wp\/v2\/product_tag?post=130"}],"curies":[{"name":"wp","href":"https:\/\/api.w.org\/{rel}","templated":true}]}}