{"id":46,"date":"2023-07-19T10:04:25","date_gmt":"2023-07-19T10:04:25","guid":{"rendered":"https:\/\/infinityhoney.ro\/?page_id=46"},"modified":"2023-08-04T07:43:18","modified_gmt":"2023-08-04T07:43:18","slug":"politica-de-utilizare-cookie-uri","status":"publish","type":"page","link":"https:\/\/infinityhoney.ro\/de\/politica-de-utilizare-cookie-uri\/","title":{"rendered":"Cookie-Richtlinie"},"content":{"rendered":"<h2 class=\"wp-block-heading\"><strong>Cookies<\/strong><\/h2>\n\n\n\n<p><strong>Preambul<\/strong><\/p>\n\n\n\n<p>Aceast\u0103 politic\u0103 se refer\u0103 la cookie-urile \u0219i la infinityhoney.ro operate de INFINITY HONEY SRL (\u201eINFINITY HONEY\u201d) av\u00e2nd sediul social \u00een&nbsp;Comuna Mo\u0219ni\u021ba Nou\u0103,&nbsp;307361 Sat Mo\u0219ni\u021ba Nou\u0103, Str. Principal\u0103, Nr.50, cam. 1, Timi\u0219, Rom\u00e2nia, av\u00e2nd Num\u0103rul de ordine \u00een registrul comer\u021bului J35\/1673\/07.06.2016, Cod Unic de \u00cenregistrare 36173037\u0219i Capitalul social subscris \u0219i v\u0103rsat de 200 RON.<\/p>\n\n\n\n<p>infinityhoney.ro&nbsp;folose\u0219te cookies pentru a oferi con\u021binut personalizat adecvat fiec\u0103rui utilizator, pentru a permite navigarea eficient\u0103 \u00eentre pagini \u0219i a face interac\u021biunea dintre site \u0219i utilizator c\u00e2t mai u\u0219oar\u0103. Cookie-urile nu re\u021bin \u0219i nu colecteaz\u0103 informa\u021bii cu caracter personal \u0219i nu identific\u0103 utilizatorii magazinului.<\/p>\n\n\n\n<p><strong>Ce este un \u201ecookie\u201d?<\/strong><\/p>\n\n\n\n<p>Un&nbsp;Cookie&nbsp;HTTP&nbsp;sau un&nbsp;Modul Cookie&nbsp;este un text special, care nu con\u021bine cod executabil (nu poate s\u0103 execute nicio opera\u021bie, nu con\u021bine programe software, viru\u0219i sau spyware \u0219i nu poate accesa informa\u021biile de pe hard driverul utilizatorului), trimis de un&nbsp;server unui&nbsp;navigator web&nbsp;\u0219i apoi trimis \u00eenapoi (nemodificat) de c\u0103tre navigator, de fiecare dat\u0103 c\u00e2nd acceseaz\u0103 acel server. Cookie-urile sunt folosite pentru&nbsp;autentificare \u0219i pentru urm\u0103rirea comportamentului utilizatorilor. Aplica\u021biile tipice sunt re\u021binerea preferin\u021belor utilizatorilor \u0219i implementarea sistemului \u201eCo\u0219ul de cump\u0103r\u0103turi\u201d.<\/p>\n\n\n\n<p><strong>Care este durata de via\u021ba a unui cookie?<\/strong><\/p>\n\n\n\n<p>Unele cookie-uri sunt folosite exclusiv pentru o singur\u0103 sesiune (session cookies) \u0219i nu mai sunt re\u021binute odat\u0103 ce utilizatorul a p\u0103r\u0103sit website-ul. Alte cookie-uri sunt re\u021binute \u0219i refolosite de fiecare dat\u0103 c\u00e2nd utilizatorul revine pe acel website. Cu toate acestea, cookie-urile pot fi \u0219terse de utilizator \u00een orice moment prin intermediul set\u0103rilor disponibile \u00een browser.<\/p>\n\n\n\n<p><strong>La ce folosim Cookie-urile?<\/strong><\/p>\n\n\n\n<p>\u00cen primul r\u00e2nd folosim cookie-uri pentru a face posibil\u0103 recunoa\u0219terea terminalului utilizatorului (telefon, tablet\u0103, laptop etc.) \u0219i pentru a reu\u0219i s\u0103 prezent\u0103m con\u021binutul \u00eentr-un mod relevant, conform cu preferin\u021bele utilizatorilor. Cookie-urile asigur\u0103 utilizatorilor o experienta confortabil\u0103 \u00een navigare. De asemenea, le utiliz\u0103m \u00een preg\u0103tirea unor statistici anonime, care ne ajut\u0103 s\u0103 percepem beneficiile paginilor noastre web vizavi de un utilizator. Rezultatul imediat este acela c\u0103 vom reu\u0219i s\u0103 \u00eembun\u0103t\u0103\u021bim structura \u0219i con\u021binutul site-ului f\u0103r\u0103 s\u0103 indentific\u0103m personal vreun utilizator.<\/p>\n\n\n\n<p><strong>Cum sunt folosite cookie-urile de c\u0103tre acest magazin?<\/strong><\/p>\n\n\n\n<p>O vizit\u0103 pe acest site poate plasa cookie-uri \u00een scopuri de: performan\u021b\u0103 a site-ului (re\u021bine preferin\u021bele utilizatorului pe acest site, a\u0219a \u00eenc\u00e2t nu mai este nevoie de setarea lor la fiecare vizitare a magazinului. Exemplu: \u2013 set\u0103rile volumului pentru video player \u2013 viteza de video streaming cu care este compatibil browserul), analiz\u0103 a vizitatorilor (De fiecare dat\u0103 c\u00e2nd un utilizator viziteaz\u0103 acest magazin, softul de analytics furnizat de o ter\u021b\u0103 parte genereaz\u0103 un cookie de analiz\u0103 a utilizatorului. Acest cookie ne spune dac\u0103 ai mai vizitat acest site p\u00e2n\u0103 acum. Dac\u0103 nu ai acest cookie, browserul va genera unul.&nbsp;Acesta permite monitorizarea utilizatorilor unici care viziteaz\u0103 site-ul \u0219i c\u00e2t de des o fac. At\u00e2t timp c\u00e2t nu e\u0219ti \u00eenregistrat pe acest site, acest cookie nu poate fi folosit pentru a identifica persoanele fizice \u0219i sunt folosite doar \u00een scop statistic. Dac\u0103 e\u0219ti \u00eenregistrat putem \u0219ti, detaliile pe care ni le-ai furnizat deja, cum ar fi adresa de email \u0219i numele t\u0103u de utilizator \u2013 acestea fiind supuse confiden\u021bialit\u0103\u021bii \u0219i prevederilor din Termeni \u0219i condi\u021bii, precum \u0219i prevederilor legisla\u021biei \u00een vigoare cu privire la protejarea datelor cu caracter personal), geotargetting (Aceste cookie-uri sunt utilizate de c\u0103tre un soft care stabile\u0219te din ce \u021bar\u0103 provine traficul magazinului. Este complet anonim \u0219i este folosit doar pentru a targeta con\u021binutul), \u00eenregistrare utilizatori (Atunci c\u00e2nd te \u00eenregistrezi pe acest site, gener\u0103m un cookie care ne anun\u021b\u0103&nbsp;dac\u0103&nbsp;e\u0219ti \u00eenregistrat sau nu. Serverele noastre folosesc aceste cookie-uri pentru a ne ar\u0103ta contul cu care e\u0219ti \u00eenregistrat \u0219i dac\u0103 ai permisiunea pentru un serviciu anume. De asemenea, ne permite s\u0103&nbsp;asociem orice comentariu pe care \u00eel postezi pe infinityhoney.ro cu numele t\u0103u de utilizator. Dac\u0103&nbsp;nu ai selectat \u201cP\u0103streaz\u0103-m\u0103&nbsp;\u00eenregistrat\u201d, acest cookie se va \u0219terge automat c\u00e2nd vei \u00eenchide browserul sau calculatorul.<\/p>\n\n\n\n<p><strong>Con\u021bin cookie-urile date cu caracter personal?<\/strong><\/p>\n\n\n\n<p>Cookie-urile \u00een sine, \u00een cele mai multe dintre cazuri, nu identific\u0103 personal utilizatorii de internet \u0219i nu solicit\u0103 date cu caracter personal pentru a putea fi utilizate. Datele cu caracter personal colectate prin utilizarea cookie-urilor pot fi colectate doar pentru a facilita anumite func\u021bionalit\u0103\u021bi pentru utilizator. Aceste date sunt protejate \u00eentr-un mod \u00een care accesul persoanelor neautorizate la ele este imposibil.<\/p>\n\n\n\n<p><strong>Informa\u021bii despre setarea cookie-urilor<\/strong><\/p>\n\n\n\n<p>\u00cen mod implicit, o aplica\u021bie folosit\u0103 pentru accesarea paginilor web permite \u00een general salvarea cookie-urilor pe terminalul respectiv. Aceste set\u0103ri pot fi schimbate \u00een a\u0219a manier\u0103 \u00eenc\u00e2t administrarea automat\u0103 a cookie-urilor s\u0103 fie restric\u021bionat\u0103 de browser-ul web sau ca utilizatorul s\u0103 fie informat de fiecare dat\u0103 c\u00e2nd cookie-urile sunt trimise c\u0103tre terminalul s\u0103u. Informa\u021bii complete despre modurile de administrare a cookie-urilor pot fi g\u0103site \u00een set\u0103rile oric\u0103rui browser web. Pe de alt\u0103 parte \u00eens\u0103, limitarea folosirii cookie-urilor poate afecta anumite func\u021bionalit\u0103\u021bi ale site-ului. Toate browserele actuale ofer\u0103 posibilitatea de a schimba set\u0103rile cookie-urilor. Urm\u0103toarele link-uri pot fi folositoare:<\/p>\n\n\n\n<p>Set\u0103ri pentru&nbsp;<a href=\"http:\/\/windows.microsoft.com\/en-US\/windows7\/How-to-manage-cookies-in-Internet-Explorer-9\" target=\"_blank\" rel=\"noreferrer noopener\">Cookies \u00een Internet Explorer<\/a><br>Set\u0103ri pentru \u2028<a href=\"https:\/\/support.mozilla.org\/ro\/kb\/activarea-si-dezactivarea-cookie-urilor\" target=\"_blank\" rel=\"noreferrer noopener\">Cookies \u00een Firefox<\/a><br>Set\u0103ri pentru&nbsp;<a href=\"https:\/\/support.google.com\/chrome\/answer\/95647?hl=ro\" target=\"_blank\" rel=\"noreferrer noopener\">Cookies \u00een Chrome<\/a><br>Set\u0103ri pentru&nbsp;<a href=\"http:\/\/support.apple.com\/kb\/PH19214\" target=\"_blank\" rel=\"noreferrer noopener\">Cookies \u00een Safari<\/a><\/p>\n\n\n\n<p><strong>Ce sunt cookie-urile plasate de ter\u021bi?<\/strong><\/p>\n\n\n\n<p>Anumite sec\u021biuni de con\u021binut din infinityhoney.ro pot fi furnizate prin intermediul unor ter\u021be p\u0103r\u021bi\/furnizori (YouTube, Facebook, Google Analytics etc.) Furnizorii ter\u021bi trebuie s\u0103 respecte de asemenea legea \u00een vigoare \u0219i politicile de confiden\u021bialitate ale magazinului. Dac\u0103 dore\u0219ti s\u0103 ob\u021bii mai multe informa\u021bii despre modulele cookie sau despre cum le po\u021bi controla sau sterge, acceseaz\u0103 site-urile:<\/p>\n\n\n\n<p><a href=\"http:\/\/www.facebook.com\/help\/cookies\" target=\"_blank\" rel=\"noreferrer noopener\">Facebook.com<\/a><br><a href=\"https:\/\/support.google.com\/youtube\/answer\/2407785?hl=ro\" target=\"_blank\" rel=\"noreferrer noopener\">Youtube.com<\/a><br><a href=\"http:\/\/www.youronlinechoices.com\/ro\/\" target=\"_blank\" rel=\"noreferrer noopener\">Youronlinechoices.com<\/a><\/p>\n\n\n\n<p><strong>De ce sunt cookie-urile importante pentru Internet?<\/strong><\/p>\n\n\n\n<p>Cookie-urile reprezint\u0103 centrul func\u021bion\u0103rii eficiente a Internetului. Ajut\u0103 la generarea unei experien\u021be de navigare pl\u0103cute \u0219i adaptat\u0103 preferin\u021belor \u0219i intereselor fiec\u0103rui utilizator \u00een parte. Dac\u0103 vei refuza sau dezactiva cookie-urile po\u021bi face ca unele site-uri s\u0103 fie imposibil de folosit. \u2028Refuzarea sau dezactivarea cookie-urilor nu \u00eenseamn\u0103 implicit c\u0103 nu veti mai avea publicitate online, ci doar c\u0103 aceasta nu va mai putea \u021bine cont de preferin\u021bele \u0219i interesele tale.<\/p>\n\n\n\n<p>Cookie-urile sunt importante pentru (f\u0103r\u0103 a fi necesar\u0103 autentificarea unui utilizator prin intermediul unui cont): afi\u0219area con\u021binutului \u0219i a serviciilor adaptate preferin\u021belor utilizatorului, pentru categorii de produse \u0219i servicii, pentru re\u021binerea parolelor, re\u021binerea filtrelor de protec\u021bie a copiilor privind con\u021binutul pe Internet, limitarea frecven\u021bei de afi\u0219are a mesajelor publicitare sau a reclamelor, m\u0103surarea, optimizarea \u0219i caracteristicile datelor statistice, cum ar fi nivelul de trafic pe un website, tipologia con\u021binutului vizualizat \u0219i modul \u00een care un utilizator ajunge pe un website (prin intermediul motoarelor de c\u0103utare, \u00een mod direct, acces\u00e2nd alte website-uri etc.).<\/p>\n\n\n\n<p><strong>Securitate \u0219i probleme legate de confiden\u021bialitate<\/strong><\/p>\n\n\n\n<p>Pentru clarificare, cookie-urile NU sunt viru\u0219i! Ele folosesc informa\u021bii de tip plain text \u0219i nu sunt alc\u0103tuite din buc\u0103\u021bi de cod. Nu pot fi executate nici nu pot auto-rula. Nu se pot duplica sau replica pe alte re\u021bele pentru a se rula sau replica din nou. Ne\u00eendeplinind aceste func\u021bii, nu pot fi \u00eencadrate ca viru\u0219i. Totu\u0219i, pot fi folosite \u00een scopuri negative. Cookie-urile stocheaz\u0103 informa\u021bii despre preferin\u021bele \u0219i istoricul de navigare al utilizatorilor \u0219i pot fi folosite ca o form\u0103 de spyware. Multe produse anti-spyware sunt setate s\u0103 marcheze cookie-urile pentru a fi \u0219terse \u00een cadrul procedurilor de \u0219tergere\/scanare anti-virus\/anti-spyware.<\/p>\n\n\n\n<p>\u00cen general browserele au set\u0103ri de confiden\u021bialitate cu nivele diferite de acceptare a cookie-urilor \u0219i perioade de valabilitate \u0219i \u0219tergere automat\u0103 dup\u0103 ce utilizatorul a vizitat un anumit site.<\/p>\n\n\n\n<p>Protec\u021bia identit\u0103\u021bii este foarte valoroas\u0103 \u0219i reprezint\u0103 dreptul fiec\u0103rui utilizator de internet, ca atare este indicat s\u0103 \u0219tii ce probleme pot crea cookie-urile. Prin intermediul lor se transmit \u00een mod constant \u00een ambele sensuri informa\u021bii \u00eentre browser \u0219i site. Un atacator sau persoan\u0103 neautorizat\u0103 poate interveni pe parcursul transmiterii datelor, informa\u021biile con\u021binute de cookie put\u00e2nd fi interceptate.\u2028 De\u0219i extrem de rar, acest lucru se \u00eent\u00e2mpl\u0103 dac\u0103 browserul se conecteaz\u0103 la un server folosind o re\u021bea necriptat\u0103 (ex: o re\u021bea WiFi nesecurizat\u0103).<\/p>\n\n\n\n<p><strong>Sfaturi pentru o navigare sigur\u0103<\/strong><\/p>\n\n\n\n<p>Datorit\u0103 flexibilit\u0103\u021bii lor \u0219i a faptului c\u0103 majoritatea dintre cele mai vizitate \u0219i mai mari site-uri folosesc cookie-uri, acestea sunt aproape inevitabile. Dezactivarea lor nu va permite accesul utilizatorului pe site-urile cele mai utilizate (YouTube, Gmail, Yahoo etc.)<\/p>\n\n\n\n<p>Seteaz\u0103 browserul la un nivel confortabil al securit\u0103\u021bii utiliz\u0103rii cookie-urilor.<\/p>\n\n\n\n<p>Dac\u0103 nu te deranjeaz\u0103 cookie-urile \u0219i e\u0219ti singura persoan\u0103 care folose\u0219te terminalul, po\u021bi seta termene lungi de expirare pentru salvarea istoricului de navigare \u0219i al datelor de acces.<\/p>\n\n\n\n<p>Dac\u0103 \u00eempar\u021bi accesul la terminal cu al\u021bi utilizatori, po\u021bi lua \u00een considerare setarea browser-ului de a \u0219terge datele de navigare de fiecare dat\u0103 c\u00e2nd \u00eenchizi browserul. Astfel ai o variant\u0103 de a accesa site-urile care plaseaz\u0103 cookie-uri \u0219i de a-\u021bi \u0219terge orice informa\u021bie de vizitare la sf\u00e2r\u0219itul sesiunii de navigare.<\/p>\n\n\n\n<p><strong>Instaleaz\u0103-\u021bi \u0219i updateaz\u0103-\u021bi constant aplica\u021biile anti-spyware<\/strong><\/p>\n\n\n\n<p>Asigur\u0103-te c\u0103 ai browserul mereu updatat. Atacurile bazate pe cookies se realizeaz\u0103, majoritar, exploat\u00e2nd punctele slabe ale versiunilor vechi ale browserelor.<\/p>\n\n\n\n<p>Cookie-urile sunt pretutindeni \u0219i nu pot fi evitate dac\u0103 vrei s\u0103 te bucuri de acces pe site-urile de pe internet, indiferent c\u0103 sunt locale sau interna\u021bionale. \u00cen\u021beleg\u00e2nd clar modul lor de operare \u0219i bine\u00een\u021beles beneficiile pe care le aduc, po\u021bi lua m\u0103surile necesare de securitate.<a href=\"https:\/\/infinityhoney.ro\/de\/\"><\/a><\/p>","protected":false},"excerpt":{"rendered":"<p>Cookies Preambul Aceast\u0103 politic\u0103 se refer\u0103 la cookie-urile \u0219i la infinityhoney.ro operate de INFINITY HONEY SRL (\u201eINFINITY HONEY\u201d) av\u00e2nd sediul social \u00een&nbsp;Comuna Mo\u0219ni\u021ba Nou\u0103,&nbsp;307361 Sat [&hellip;]<\/p>\n","protected":false},"author":1,"featured_media":0,"parent":0,"menu_order":0,"comment_status":"closed","ping_status":"closed","template":"","meta":{"footnotes":""},"class_list":["post-46","page","type-page","status-publish","hentry"],"yoast_head":"<!-- This site is optimized with the Yoast SEO plugin v27.5 - https:\/\/yoast.com\/product\/yoast-seo-wordpress\/ -->\n<title>Politica de utilizare Cookie-uri - Infinity Honey - Miere Naturala<\/title>\n<meta name=\"description\" content=\"Infinity Honey - Miere Naturala - Miere naturala din stupina Banateana!\" \/>\n<meta name=\"robots\" content=\"index, follow, max-snippet:-1, max-image-preview:large, max-video-preview:-1\" \/>\n<link rel=\"canonical\" href=\"https:\/\/infinityhoney.ro\/de\/politica-de-utilizare-cookie-uri\/\" \/>\n<meta property=\"og:locale\" content=\"de_DE\" \/>\n<meta property=\"og:type\" content=\"article\" \/>\n<meta property=\"og:title\" content=\"Politica de utilizare Cookie-uri - Infinity Honey - Miere Naturala\" \/>\n<meta property=\"og:description\" content=\"Infinity Honey - Miere Naturala - Miere naturala din stupina Banateana!\" \/>\n<meta property=\"og:url\" content=\"https:\/\/infinityhoney.ro\/de\/politica-de-utilizare-cookie-uri\/\" \/>\n<meta property=\"og:site_name\" content=\"Infinity Honey - Miere Naturala\" \/>\n<meta property=\"article:publisher\" content=\"https:\/\/www.facebook.com\/InfinityHoneyRomania\/\" \/>\n<meta property=\"article:modified_time\" content=\"2023-08-04T07:43:18+00:00\" \/>\n<meta property=\"og:image\" content=\"https:\/\/infinityhoney.ro\/wp-content\/uploads\/2023\/08\/slider.jpg\" \/>\n\t<meta property=\"og:image:width\" content=\"2050\" \/>\n\t<meta property=\"og:image:height\" content=\"870\" \/>\n\t<meta property=\"og:image:type\" content=\"image\/jpeg\" \/>\n<meta name=\"twitter:card\" content=\"summary_large_image\" \/>\n<meta name=\"twitter:label1\" content=\"Gesch\u00e4tzte Lesezeit\" \/>\n\t<meta name=\"twitter:data1\" content=\"8\u00a0Minuten\" \/>\n<script type=\"application\/ld+json\" class=\"yoast-schema-graph\">{\"@context\":\"https:\\\/\\\/schema.org\",\"@graph\":[{\"@type\":\"WebPage\",\"@id\":\"https:\\\/\\\/infinityhoney.ro\\\/politica-de-utilizare-cookie-uri\\\/\",\"url\":\"https:\\\/\\\/infinityhoney.ro\\\/politica-de-utilizare-cookie-uri\\\/\",\"name\":\"Politica de utilizare Cookie-uri - Infinity Honey - Miere Naturala\",\"isPartOf\":{\"@id\":\"https:\\\/\\\/infinityhoney.ro\\\/de\\\/#website\"},\"datePublished\":\"2023-07-19T10:04:25+00:00\",\"dateModified\":\"2023-08-04T07:43:18+00:00\",\"description\":\"Infinity Honey - Miere Naturala - Miere naturala din stupina Banateana!\",\"breadcrumb\":{\"@id\":\"https:\\\/\\\/infinityhoney.ro\\\/politica-de-utilizare-cookie-uri\\\/#breadcrumb\"},\"inLanguage\":\"de\",\"potentialAction\":[{\"@type\":\"ReadAction\",\"target\":[\"https:\\\/\\\/infinityhoney.ro\\\/politica-de-utilizare-cookie-uri\\\/\"]}]},{\"@type\":\"BreadcrumbList\",\"@id\":\"https:\\\/\\\/infinityhoney.ro\\\/politica-de-utilizare-cookie-uri\\\/#breadcrumb\",\"itemListElement\":[{\"@type\":\"ListItem\",\"position\":1,\"name\":\"Prima pagin\u0103\",\"item\":\"https:\\\/\\\/infinityhoney.ro\\\/\"},{\"@type\":\"ListItem\",\"position\":2,\"name\":\"Politica de utilizare Cookie-uri\"}]},{\"@type\":\"WebSite\",\"@id\":\"https:\\\/\\\/infinityhoney.ro\\\/de\\\/#website\",\"url\":\"https:\\\/\\\/infinityhoney.ro\\\/de\\\/\",\"name\":\"Infinity Honey - Miere Naturala\",\"description\":\"Miere naturala din stupina Banateana!\",\"publisher\":{\"@id\":\"https:\\\/\\\/infinityhoney.ro\\\/de\\\/#organization\"},\"potentialAction\":[{\"@type\":\"SearchAction\",\"target\":{\"@type\":\"EntryPoint\",\"urlTemplate\":\"https:\\\/\\\/infinityhoney.ro\\\/de\\\/?s={search_term_string}\"},\"query-input\":{\"@type\":\"PropertyValueSpecification\",\"valueRequired\":true,\"valueName\":\"search_term_string\"}}],\"inLanguage\":\"de\"},{\"@type\":\"Organization\",\"@id\":\"https:\\\/\\\/infinityhoney.ro\\\/de\\\/#organization\",\"name\":\"Infinity Honey\",\"url\":\"https:\\\/\\\/infinityhoney.ro\\\/de\\\/\",\"logo\":{\"@type\":\"ImageObject\",\"inLanguage\":\"de\",\"@id\":\"https:\\\/\\\/infinityhoney.ro\\\/de\\\/#\\\/schema\\\/logo\\\/image\\\/\",\"url\":\"https:\\\/\\\/infinityhoney.ro\\\/wp-content\\\/uploads\\\/2023\\\/07\\\/logo.png\",\"contentUrl\":\"https:\\\/\\\/infinityhoney.ro\\\/wp-content\\\/uploads\\\/2023\\\/07\\\/logo.png\",\"width\":171,\"height\":39,\"caption\":\"Infinity Honey\"},\"image\":{\"@id\":\"https:\\\/\\\/infinityhoney.ro\\\/de\\\/#\\\/schema\\\/logo\\\/image\\\/\"},\"sameAs\":[\"https:\\\/\\\/www.facebook.com\\\/InfinityHoneyRomania\\\/\",\"https:\\\/\\\/www.instagram.com\\\/infinity_honey_miere_naturala\\\/?hl=en\"]}]}<\/script>\n<!-- \/ Yoast SEO plugin. -->","yoast_head_json":{"title":"Politica de utilizare Cookie-uri - Infinity Honey - Miere Naturala","description":"Infinity Honey \u2013 Nat\u00fcrlicher Honig \u2013 Nat\u00fcrlicher Honig aus der Banatean-Imkerei!","robots":{"index":"index","follow":"follow","max-snippet":"max-snippet:-1","max-image-preview":"max-image-preview:large","max-video-preview":"max-video-preview:-1"},"canonical":"https:\/\/infinityhoney.ro\/de\/politica-de-utilizare-cookie-uri\/","og_locale":"de_DE","og_type":"article","og_title":"Politica de utilizare Cookie-uri - Infinity Honey - Miere Naturala","og_description":"Infinity Honey - Miere Naturala - Miere naturala din stupina Banateana!","og_url":"https:\/\/infinityhoney.ro\/de\/politica-de-utilizare-cookie-uri\/","og_site_name":"Infinity Honey - Miere Naturala","article_publisher":"https:\/\/www.facebook.com\/InfinityHoneyRomania\/","article_modified_time":"2023-08-04T07:43:18+00:00","og_image":[{"width":2050,"height":870,"url":"https:\/\/infinityhoney.ro\/wp-content\/uploads\/2023\/08\/slider.jpg","type":"image\/jpeg"}],"twitter_card":"summary_large_image","twitter_misc":{"Gesch\u00e4tzte Lesezeit":"8\u00a0Minuten"},"schema":{"@context":"https:\/\/schema.org","@graph":[{"@type":"WebPage","@id":"https:\/\/infinityhoney.ro\/politica-de-utilizare-cookie-uri\/","url":"https:\/\/infinityhoney.ro\/politica-de-utilizare-cookie-uri\/","name":"Politica de utilizare Cookie-uri - Infinity Honey - Miere Naturala","isPartOf":{"@id":"https:\/\/infinityhoney.ro\/de\/#website"},"datePublished":"2023-07-19T10:04:25+00:00","dateModified":"2023-08-04T07:43:18+00:00","description":"Infinity Honey \u2013 Nat\u00fcrlicher Honig \u2013 Nat\u00fcrlicher Honig aus der Banatean-Imkerei!","breadcrumb":{"@id":"https:\/\/infinityhoney.ro\/politica-de-utilizare-cookie-uri\/#breadcrumb"},"inLanguage":"de","potentialAction":[{"@type":"ReadAction","target":["https:\/\/infinityhoney.ro\/politica-de-utilizare-cookie-uri\/"]}]},{"@type":"BreadcrumbList","@id":"https:\/\/infinityhoney.ro\/politica-de-utilizare-cookie-uri\/#breadcrumb","itemListElement":[{"@type":"ListItem","position":1,"name":"Prima pagin\u0103","item":"https:\/\/infinityhoney.ro\/"},{"@type":"ListItem","position":2,"name":"Politica de utilizare Cookie-uri"}]},{"@type":"WebSite","@id":"https:\/\/infinityhoney.ro\/de\/#website","url":"https:\/\/infinityhoney.ro\/de\/","name":"Infinity Honey \u2013 Nat\u00fcrlicher Honig","description":"Nat\u00fcrlicher Honig aus der Banatean-Imkerei!","publisher":{"@id":"https:\/\/infinityhoney.ro\/de\/#organization"},"potentialAction":[{"@type":"SearchAction","target":{"@type":"EntryPoint","urlTemplate":"https:\/\/infinityhoney.ro\/de\/?s={search_term_string}"},"query-input":{"@type":"PropertyValueSpecification","valueRequired":true,"valueName":"search_term_string"}}],"inLanguage":"de"},{"@type":"Organization","@id":"https:\/\/infinityhoney.ro\/de\/#organization","name":"Unendlichkeitsschatz","url":"https:\/\/infinityhoney.ro\/de\/","logo":{"@type":"ImageObject","inLanguage":"de","@id":"https:\/\/infinityhoney.ro\/de\/#\/schema\/logo\/image\/","url":"https:\/\/infinityhoney.ro\/wp-content\/uploads\/2023\/07\/logo.png","contentUrl":"https:\/\/infinityhoney.ro\/wp-content\/uploads\/2023\/07\/logo.png","width":171,"height":39,"caption":"Infinity Honey"},"image":{"@id":"https:\/\/infinityhoney.ro\/de\/#\/schema\/logo\/image\/"},"sameAs":["https:\/\/www.facebook.com\/InfinityHoneyRomania\/","https:\/\/www.instagram.com\/infinity_honey_miere_naturala\/?hl=en"]}]}},"_links":{"self":[{"href":"https:\/\/infinityhoney.ro\/de\/wp-json\/wp\/v2\/pages\/46","targetHints":{"allow":["GET"]}}],"collection":[{"href":"https:\/\/infinityhoney.ro\/de\/wp-json\/wp\/v2\/pages"}],"about":[{"href":"https:\/\/infinityhoney.ro\/de\/wp-json\/wp\/v2\/types\/page"}],"author":[{"embeddable":true,"href":"https:\/\/infinityhoney.ro\/de\/wp-json\/wp\/v2\/users\/1"}],"replies":[{"embeddable":true,"href":"https:\/\/infinityhoney.ro\/de\/wp-json\/wp\/v2\/comments?post=46"}],"version-history":[{"count":3,"href":"https:\/\/infinityhoney.ro\/de\/wp-json\/wp\/v2\/pages\/46\/revisions"}],"predecessor-version":[{"id":223,"href":"https:\/\/infinityhoney.ro\/de\/wp-json\/wp\/v2\/pages\/46\/revisions\/223"}],"wp:attachment":[{"href":"https:\/\/infinityhoney.ro\/de\/wp-json\/wp\/v2\/media?parent=46"}],"curies":[{"name":"wp","href":"https:\/\/api.w.org\/{rel}","templated":true}]}}