{"id":323,"date":"2024-02-12T00:17:23","date_gmt":"2024-02-12T00:17:23","guid":{"rendered":"https:\/\/infinityhoney.ro\/?page_id=323"},"modified":"2024-08-22T14:16:54","modified_gmt":"2024-08-22T14:16:54","slug":"despre-proiect","status":"publish","type":"page","link":"https:\/\/infinityhoney.ro\/de\/despre-proiect\/","title":{"rendered":"Despre Proiect"},"content":{"rendered":"<div class=\"wp-block-image\">\n<figure class=\"aligncenter size-full\"><img loading=\"lazy\" decoding=\"async\" width=\"339\" height=\"40\" src=\"https:\/\/infinityhoney.ro\/wp-content\/uploads\/2024\/02\/inf-proiect-logo.png\" alt=\"\" class=\"wp-image-328\" style=\"object-fit:cover\" srcset=\"https:\/\/infinityhoney.ro\/wp-content\/uploads\/2024\/02\/inf-proiect-logo.png 339w, https:\/\/infinityhoney.ro\/wp-content\/uploads\/2024\/02\/inf-proiect-logo-300x35.png 300w, https:\/\/infinityhoney.ro\/wp-content\/uploads\/2024\/02\/inf-proiect-logo-18x2.png 18w\" sizes=\"auto, (max-width: 339px) 100vw, 339px\" \/><\/figure>\n<\/div>\n\n\n<div style=\"height:50px\" aria-hidden=\"true\" class=\"wp-block-spacer\"><\/div>\n\n\n\n<p><strong>Titlul proiectului: Lansarea proiectului \u201dDEZVOLTAREA \u0218I RODUCEREA PE PIA\u021a\u0102 A UNEI GAME DE SUPLIMENTE ALIMENTARE INOVATIVE CU BIOASIMIBILITATE SUPERIOAR\u0102 PE BAZ\u0102 DE PRODUSE ALE STUPULUI \u0218I ULEIURI ESEN\u021aIALE\u201d<\/strong><\/p>\n\n\n\n<p><strong>Beneficiar<\/strong>: INFINITY HONEY SRL<\/p>\n\n\n\n<p><strong>Scopul\/Obiectivul general<\/strong> al proiectului este dezvoltarea unui supliment alimentar inovativ cu bioasimilabilitate \u0219i biodisponibilitate superioar\u0103 la nivel celular \u00een colaborare cu o entitate de transfer tehnologic prin optimizarea unor formule de fabrica\u021bie \u0219i a tehnologiei de ob\u021binere a unui amestec pe baz\u0103 de produse apicole.<\/p>\n\n\n\n<p><strong>Primul obiectiv specific<\/strong> este valorifica rezultatelor cercet\u0103rilor teoretice \u0219i practice ale societ\u0103\u021bii \u00een vederea introducerii pe pia\u021b\u0103 a unei game de suplimente alimentare inovative pe baza de produse de stup \u0219i uleiuri esen\u021biale<strong>.<\/strong><\/p>\n\n\n\n<p><strong>Al doilea obiectiv specific<\/strong> este dezvoltarea unei tehnologii cu condi\u021bii de operare (temperatura, durat\u0103 \u0219i vitez\u0103 de amestecare, timp de maturare, etc), respectiv mod de preparare a extractului de propolis optimizate, care s\u0103 asigure func\u021bionalitatea si biodisponibilitatea principiilor active din ingredientele utilizate \u0219i termen lung de valabilitate a produsului (minim 1 an), f\u0103r\u0103 a necesita procedee chimice sau fizice de conservare.&nbsp;<\/p>\n\n\n\n<p><strong>Al treilea obiectiv specific<\/strong> este punerea pe pia\u021ba a noii game de suplimente alimentare prin activita\u021bi intense de promovare la nivel na\u021bional si interna\u021bional.<\/p>\n\n\n\n<p><strong>Rezultatele proiectului:<\/strong><\/p>\n\n\n\n<ol class=\"wp-block-list\">\n<li>Raport privind retetele experimentale de fabricatie (4 rapoarte)<\/li>\n\n\n\n<li>4 rapoarte privind tehnologia de obtinere cu parametrii tehnologici<\/li>\n\n\n\n<li>Raport de analiza privind proprietatile fizico\u2013chimice, microbiologice si nutritionale ale modelelor experimentale.<\/li>\n\n\n\n<li>Raport privind caracteristicile functionale si a biodisponibilitatii modelelor experimentale.<\/li>\n\n\n\n<li>Raport privind caracteristicile senzoriale, fizico-chimice si microbiologice si stabilirea termenului de valabilitate a produsului supliment alimentar INFINITY.<\/li>\n\n\n\n<li>Rapoarte de testare tehnologica<\/li>\n\n\n\n<li>Documentatie specificatii tehnice<\/li>\n\n\n\n<li>Documentatie de inregistrare a cererii de obtinere a drepturilor de proprietate intelectuala la OSIM pentru produsul INFINITY<\/li>\n\n\n\n<li>Ob\u021binerea c\u00e2te unei sarje din fiecare tip de produs,<\/li>\n\n\n\n<li>Achizi\u021bia si recep\u021bia echipamentelor pentru punerea \u00een produc\u021bie a suplimentelor alimentare pe baz\u0103 de produse de stup,<\/li>\n\n\n\n<li>Informare \u0219i publicitate conform Manualului de Identitate vizual\u0103 POR 2014-2020<\/li>\n\n\n\n<li>Campanie de promovare online.<\/li>\n<\/ol>\n\n\n\n<p><strong>Perioada de implementare<\/strong>:&nbsp;&nbsp; 04.05.2021 - 31.12.2023,<\/p>\n\n\n\n<p><strong>Data de start a proiectului<\/strong>: 20.12.2021.<\/p>\n\n\n\n<p><strong>Adresa unde se implementeaz\u0103<\/strong>:&nbsp; judetul Timi\u0219, Comuna Mosnita Noua, sat Albina, str. Stuparilor, nr. 4.<\/p>\n\n\n\n<p><strong>Valoarea<\/strong>: proiectul are o valoare total\u0103 de 1.119.602,93 lei, din care finan\u021barea&nbsp; nerambursabil\u0103 este de 763.847,40 lei, 649.270,29 lei din FEDER \u0219i 114.577,11 lei din bugetul de stat.<\/p>\n\n\n\n<p><strong>Manager de proiect<\/strong>: Radu Ioan CIUCUR, telefon: 0744779359,&nbsp; e-mail: ciucurraduioan@gmail.com.<\/p>\n\n\n\n<hr class=\"wp-block-separator has-alpha-channel-opacity\"\/>\n\n\n\n<p class=\"has-text-align-center\">Pentru informa\u021bii detaliate despre celelalte programe cofinan\u021bate de Uniunea European\u0103, v\u0103 invit\u0103m s\u0103 vizita\u021bi <a href=\"http:\/\/www.fonduri-ue.ro\" target=\"_blank\" rel=\"noreferrer noopener\">www.fonduri-ue.ro<\/a><\/p>\n\n\n\n<hr class=\"wp-block-separator has-alpha-channel-opacity\"\/>\n\n\n\n<p><\/p>\n\n\n<div class=\"wp-block-image\">\n<figure class=\"aligncenter size-full\"><img loading=\"lazy\" decoding=\"async\" width=\"995\" height=\"185\" src=\"https:\/\/infinityhoney.ro\/wp-content\/uploads\/2024\/08\/Screenshot-2024-08-22-at-17.15.07.png\" alt=\"\" class=\"wp-image-380\" style=\"object-fit:cover\" srcset=\"https:\/\/infinityhoney.ro\/wp-content\/uploads\/2024\/08\/Screenshot-2024-08-22-at-17.15.07.png 995w, https:\/\/infinityhoney.ro\/wp-content\/uploads\/2024\/08\/Screenshot-2024-08-22-at-17.15.07-300x56.png 300w, https:\/\/infinityhoney.ro\/wp-content\/uploads\/2024\/08\/Screenshot-2024-08-22-at-17.15.07-768x143.png 768w, https:\/\/infinityhoney.ro\/wp-content\/uploads\/2024\/08\/Screenshot-2024-08-22-at-17.15.07-18x3.png 18w, https:\/\/infinityhoney.ro\/wp-content\/uploads\/2024\/08\/Screenshot-2024-08-22-at-17.15.07-600x112.png 600w\" sizes=\"auto, (max-width: 995px) 100vw, 995px\" \/><\/figure>\n<\/div>","protected":false},"excerpt":{"rendered":"<p>Titlul proiectului: Lansarea proiectului \u201dDEZVOLTAREA \u0218I RODUCEREA PE PIA\u021a\u0102 A UNEI GAME DE SUPLIMENTE ALIMENTARE INOVATIVE CU BIOASIMIBILITATE SUPERIOAR\u0102 PE BAZ\u0102 DE PRODUSE ALE STUPULUI [&hellip;]<\/p>\n","protected":false},"author":1,"featured_media":0,"parent":0,"menu_order":0,"comment_status":"closed","ping_status":"closed","template":"","meta":{"footnotes":""},"class_list":["post-323","page","type-page","status-publish","hentry"],"yoast_head":"<!-- This site is optimized with the Yoast SEO plugin v27.4 - https:\/\/yoast.com\/product\/yoast-seo-wordpress\/ -->\n<title>Despre Proiect - Infinity Honey - Miere Naturala<\/title>\n<meta name=\"description\" content=\"Infinity Honey - Miere Naturala - Miere naturala din stupina Banateana!\" \/>\n<meta name=\"robots\" content=\"index, follow, max-snippet:-1, max-image-preview:large, max-video-preview:-1\" \/>\n<link rel=\"canonical\" href=\"https:\/\/infinityhoney.ro\/de\/despre-proiect\/\" \/>\n<meta property=\"og:locale\" content=\"de_DE\" \/>\n<meta property=\"og:type\" content=\"article\" \/>\n<meta property=\"og:title\" content=\"Despre Proiect - Infinity Honey - Miere Naturala\" \/>\n<meta property=\"og:description\" content=\"Infinity Honey - Miere Naturala - Miere naturala din stupina Banateana!\" \/>\n<meta property=\"og:url\" content=\"https:\/\/infinityhoney.ro\/de\/despre-proiect\/\" \/>\n<meta property=\"og:site_name\" content=\"Infinity Honey - Miere Naturala\" \/>\n<meta property=\"article:publisher\" content=\"https:\/\/www.facebook.com\/InfinityHoneyRomania\/\" \/>\n<meta property=\"article:modified_time\" content=\"2024-08-22T14:16:54+00:00\" \/>\n<meta property=\"og:image\" content=\"https:\/\/infinityhoney.ro\/wp-content\/uploads\/2024\/02\/inf-proiect-logo.png\" \/>\n<meta name=\"twitter:card\" content=\"summary_large_image\" \/>\n<meta name=\"twitter:label1\" content=\"Gesch\u00e4tzte Lesezeit\" \/>\n\t<meta name=\"twitter:data1\" content=\"6\u00a0Minuten\" \/>\n<script type=\"application\/ld+json\" class=\"yoast-schema-graph\">{\"@context\":\"https:\\\/\\\/schema.org\",\"@graph\":[{\"@type\":\"WebPage\",\"@id\":\"https:\\\/\\\/infinityhoney.ro\\\/despre-proiect\\\/\",\"url\":\"https:\\\/\\\/infinityhoney.ro\\\/despre-proiect\\\/\",\"name\":\"Despre Proiect - Infinity Honey - Miere Naturala\",\"isPartOf\":{\"@id\":\"https:\\\/\\\/infinityhoney.ro\\\/de\\\/#website\"},\"primaryImageOfPage\":{\"@id\":\"https:\\\/\\\/infinityhoney.ro\\\/despre-proiect\\\/#primaryimage\"},\"image\":{\"@id\":\"https:\\\/\\\/infinityhoney.ro\\\/despre-proiect\\\/#primaryimage\"},\"thumbnailUrl\":\"https:\\\/\\\/infinityhoney.ro\\\/wp-content\\\/uploads\\\/2024\\\/02\\\/inf-proiect-logo.png\",\"datePublished\":\"2024-02-12T00:17:23+00:00\",\"dateModified\":\"2024-08-22T14:16:54+00:00\",\"description\":\"Infinity Honey - Miere Naturala - Miere naturala din stupina Banateana!\",\"breadcrumb\":{\"@id\":\"https:\\\/\\\/infinityhoney.ro\\\/despre-proiect\\\/#breadcrumb\"},\"inLanguage\":\"de\",\"potentialAction\":[{\"@type\":\"ReadAction\",\"target\":[\"https:\\\/\\\/infinityhoney.ro\\\/despre-proiect\\\/\"]}]},{\"@type\":\"ImageObject\",\"inLanguage\":\"de\",\"@id\":\"https:\\\/\\\/infinityhoney.ro\\\/despre-proiect\\\/#primaryimage\",\"url\":\"https:\\\/\\\/infinityhoney.ro\\\/wp-content\\\/uploads\\\/2024\\\/02\\\/inf-proiect-logo.png\",\"contentUrl\":\"https:\\\/\\\/infinityhoney.ro\\\/wp-content\\\/uploads\\\/2024\\\/02\\\/inf-proiect-logo.png\"},{\"@type\":\"BreadcrumbList\",\"@id\":\"https:\\\/\\\/infinityhoney.ro\\\/despre-proiect\\\/#breadcrumb\",\"itemListElement\":[{\"@type\":\"ListItem\",\"position\":1,\"name\":\"Prima pagin\u0103\",\"item\":\"https:\\\/\\\/infinityhoney.ro\\\/\"},{\"@type\":\"ListItem\",\"position\":2,\"name\":\"Despre Proiect\"}]},{\"@type\":\"WebSite\",\"@id\":\"https:\\\/\\\/infinityhoney.ro\\\/de\\\/#website\",\"url\":\"https:\\\/\\\/infinityhoney.ro\\\/de\\\/\",\"name\":\"Infinity Honey - Miere Naturala\",\"description\":\"Miere naturala din stupina Banateana!\",\"publisher\":{\"@id\":\"https:\\\/\\\/infinityhoney.ro\\\/de\\\/#organization\"},\"potentialAction\":[{\"@type\":\"SearchAction\",\"target\":{\"@type\":\"EntryPoint\",\"urlTemplate\":\"https:\\\/\\\/infinityhoney.ro\\\/de\\\/?s={search_term_string}\"},\"query-input\":{\"@type\":\"PropertyValueSpecification\",\"valueRequired\":true,\"valueName\":\"search_term_string\"}}],\"inLanguage\":\"de\"},{\"@type\":\"Organization\",\"@id\":\"https:\\\/\\\/infinityhoney.ro\\\/de\\\/#organization\",\"name\":\"Infinity Honey\",\"url\":\"https:\\\/\\\/infinityhoney.ro\\\/de\\\/\",\"logo\":{\"@type\":\"ImageObject\",\"inLanguage\":\"de\",\"@id\":\"https:\\\/\\\/infinityhoney.ro\\\/de\\\/#\\\/schema\\\/logo\\\/image\\\/\",\"url\":\"https:\\\/\\\/infinityhoney.ro\\\/wp-content\\\/uploads\\\/2023\\\/07\\\/logo.png\",\"contentUrl\":\"https:\\\/\\\/infinityhoney.ro\\\/wp-content\\\/uploads\\\/2023\\\/07\\\/logo.png\",\"width\":171,\"height\":39,\"caption\":\"Infinity Honey\"},\"image\":{\"@id\":\"https:\\\/\\\/infinityhoney.ro\\\/de\\\/#\\\/schema\\\/logo\\\/image\\\/\"},\"sameAs\":[\"https:\\\/\\\/www.facebook.com\\\/InfinityHoneyRomania\\\/\",\"https:\\\/\\\/www.instagram.com\\\/infinity_honey_miere_naturala\\\/?hl=en\"]}]}<\/script>\n<!-- \/ Yoast SEO plugin. -->","yoast_head_json":{"title":"Despre Proiect - Infinity Honey - Miere Naturala","description":"Infinity Honey \u2013 Nat\u00fcrlicher Honig \u2013 Nat\u00fcrlicher Honig aus der Banatean-Imkerei!","robots":{"index":"index","follow":"follow","max-snippet":"max-snippet:-1","max-image-preview":"max-image-preview:large","max-video-preview":"max-video-preview:-1"},"canonical":"https:\/\/infinityhoney.ro\/de\/despre-proiect\/","og_locale":"de_DE","og_type":"article","og_title":"Despre Proiect - Infinity Honey - Miere Naturala","og_description":"Infinity Honey - Miere Naturala - Miere naturala din stupina Banateana!","og_url":"https:\/\/infinityhoney.ro\/de\/despre-proiect\/","og_site_name":"Infinity Honey - Miere Naturala","article_publisher":"https:\/\/www.facebook.com\/InfinityHoneyRomania\/","article_modified_time":"2024-08-22T14:16:54+00:00","og_image":[{"url":"https:\/\/infinityhoney.ro\/wp-content\/uploads\/2024\/02\/inf-proiect-logo.png","type":"","width":"","height":""}],"twitter_card":"summary_large_image","twitter_misc":{"Gesch\u00e4tzte Lesezeit":"6\u00a0Minuten"},"schema":{"@context":"https:\/\/schema.org","@graph":[{"@type":"WebPage","@id":"https:\/\/infinityhoney.ro\/despre-proiect\/","url":"https:\/\/infinityhoney.ro\/despre-proiect\/","name":"Despre Proiect - Infinity Honey - Miere Naturala","isPartOf":{"@id":"https:\/\/infinityhoney.ro\/de\/#website"},"primaryImageOfPage":{"@id":"https:\/\/infinityhoney.ro\/despre-proiect\/#primaryimage"},"image":{"@id":"https:\/\/infinityhoney.ro\/despre-proiect\/#primaryimage"},"thumbnailUrl":"https:\/\/infinityhoney.ro\/wp-content\/uploads\/2024\/02\/inf-proiect-logo.png","datePublished":"2024-02-12T00:17:23+00:00","dateModified":"2024-08-22T14:16:54+00:00","description":"Infinity Honey \u2013 Nat\u00fcrlicher Honig \u2013 Nat\u00fcrlicher Honig aus der Banatean-Imkerei!","breadcrumb":{"@id":"https:\/\/infinityhoney.ro\/despre-proiect\/#breadcrumb"},"inLanguage":"de","potentialAction":[{"@type":"ReadAction","target":["https:\/\/infinityhoney.ro\/despre-proiect\/"]}]},{"@type":"ImageObject","inLanguage":"de","@id":"https:\/\/infinityhoney.ro\/despre-proiect\/#primaryimage","url":"https:\/\/infinityhoney.ro\/wp-content\/uploads\/2024\/02\/inf-proiect-logo.png","contentUrl":"https:\/\/infinityhoney.ro\/wp-content\/uploads\/2024\/02\/inf-proiect-logo.png"},{"@type":"BreadcrumbList","@id":"https:\/\/infinityhoney.ro\/despre-proiect\/#breadcrumb","itemListElement":[{"@type":"ListItem","position":1,"name":"Prima pagin\u0103","item":"https:\/\/infinityhoney.ro\/"},{"@type":"ListItem","position":2,"name":"Despre Proiect"}]},{"@type":"WebSite","@id":"https:\/\/infinityhoney.ro\/de\/#website","url":"https:\/\/infinityhoney.ro\/de\/","name":"Infinity Honey \u2013 Nat\u00fcrlicher Honig","description":"Nat\u00fcrlicher Honig aus der Banatean-Imkerei!","publisher":{"@id":"https:\/\/infinityhoney.ro\/de\/#organization"},"potentialAction":[{"@type":"SearchAction","target":{"@type":"EntryPoint","urlTemplate":"https:\/\/infinityhoney.ro\/de\/?s={search_term_string}"},"query-input":{"@type":"PropertyValueSpecification","valueRequired":true,"valueName":"search_term_string"}}],"inLanguage":"de"},{"@type":"Organization","@id":"https:\/\/infinityhoney.ro\/de\/#organization","name":"Unendlichkeitsschatz","url":"https:\/\/infinityhoney.ro\/de\/","logo":{"@type":"ImageObject","inLanguage":"de","@id":"https:\/\/infinityhoney.ro\/de\/#\/schema\/logo\/image\/","url":"https:\/\/infinityhoney.ro\/wp-content\/uploads\/2023\/07\/logo.png","contentUrl":"https:\/\/infinityhoney.ro\/wp-content\/uploads\/2023\/07\/logo.png","width":171,"height":39,"caption":"Infinity Honey"},"image":{"@id":"https:\/\/infinityhoney.ro\/de\/#\/schema\/logo\/image\/"},"sameAs":["https:\/\/www.facebook.com\/InfinityHoneyRomania\/","https:\/\/www.instagram.com\/infinity_honey_miere_naturala\/?hl=en"]}]}},"_links":{"self":[{"href":"https:\/\/infinityhoney.ro\/de\/wp-json\/wp\/v2\/pages\/323","targetHints":{"allow":["GET"]}}],"collection":[{"href":"https:\/\/infinityhoney.ro\/de\/wp-json\/wp\/v2\/pages"}],"about":[{"href":"https:\/\/infinityhoney.ro\/de\/wp-json\/wp\/v2\/types\/page"}],"author":[{"embeddable":true,"href":"https:\/\/infinityhoney.ro\/de\/wp-json\/wp\/v2\/users\/1"}],"replies":[{"embeddable":true,"href":"https:\/\/infinityhoney.ro\/de\/wp-json\/wp\/v2\/comments?post=323"}],"version-history":[{"count":5,"href":"https:\/\/infinityhoney.ro\/de\/wp-json\/wp\/v2\/pages\/323\/revisions"}],"predecessor-version":[{"id":381,"href":"https:\/\/infinityhoney.ro\/de\/wp-json\/wp\/v2\/pages\/323\/revisions\/381"}],"wp:attachment":[{"href":"https:\/\/infinityhoney.ro\/de\/wp-json\/wp\/v2\/media?parent=323"}],"curies":[{"name":"wp","href":"https:\/\/api.w.org\/{rel}","templated":true}]}}